{"id":7479,"date":"2017-08-18T13:05:50","date_gmt":"2017-08-18T11:05:50","guid":{"rendered":"https:\/\/www.ego-kits.com\/?post_type=product&#038;p=7479"},"modified":"2017-09-05T16:21:15","modified_gmt":"2017-09-05T14:21:15","slug":"rocker-ego3400-wrp","status":"publish","type":"product","link":"https:\/\/www.ego-kits.com\/en\/shop\/rocker-ego3400-wrp\/","title":{"rendered":"Rocker EGO3400 WRP"},"content":{"rendered":"<section  class=\"content-section full-width with-col rella-no-padding rella-no-margin    content-section-6a03964ee47ea\"><div class=\"row vc_row-fluid\"><div class=\"wpb_column col-md-12\">[vc_tta_tour style=&#8221;flat&#8221; shape=&#8221;square&#8221; color=&#8221;white&#8221; controls_size=&#8221;md&#8221; active_section=&#8221;1&#8243;][vc_tta_section title=&#8221;Kompatible Bikes&#8221; tab_id=&#8221;master-egokit-3400W-bikes&#8221;]<div class=\"section-text text-block \" ><p style=\"padding-left: 30px\">Bergamont Straitline 2013-2016<br \/>\nCanyon Sender<br \/>\nLiteville 601<br \/>\nLiteville 901<br \/>\nPolygon Colossus DH9 2013-2017<br \/>\nRose Soulfire 2014-2017<br \/>\nRose Unchained 2014-2017<br \/>\nScott Voltage 2015-2017<br \/>\nSpecialized Status<br \/>\nSpecialized Demo 2011-2014<br \/>\nSpecialized Demo 2015-2017<br \/>\nYT Tues<br \/>\nYT Carpa<\/p>\n<\/div>[\/vc_tta_section][vc_tta_section title=&#8221;Montage&#8221; tab_id=&#8221;1503069677194-e5eb3309-a662&#8243;]<div class=\"section-text text-block \" ><h4 style=\"padding-left: 30px\"><strong>Flexible Power<\/strong><\/h4>\n<p style=\"padding-left: 30px\">Da f\u00fcr die EGO Kit Motorhalterung Standard-Befestigungspunkte ausreichen, kann fast jedes Bike mit ePower versorgt werden. Damit die Leistung deines EGOs nicht geschm\u00e4lert wird, ist die CNC gefr\u00e4ste Halterung breit und verwindungssteif ausgelegt.<\/p>\n<p style=\"padding-left: 30px\">\u2022\u00a0 Einbauort Unterseite Unterrohr, Innenlager + ISCG Aufnahme<br \/>\n\u2022\u00a0 patentierte Aufh\u00e4ngung<br \/>\n\u2022\u00a0 Hartgummi gesch\u00fctzte Klemmung am Unterrohr<br \/>\n\u2022\u00a0 CNC gefr\u00e4ster Adapter aus Edelstahl<br \/>\n\u2022\u00a0 verwindungssteife Konstruktion ohne Leistungsverluste<br \/>\n\u2022\u00a0 passend bis 6,5 cm Durchmesser Unterrohr<br \/>\n\u2022\u00a0 Mit \u00fcber 70% der Bikes am Markt kompatibel<\/p>\n<\/div>[\/vc_tta_section][vc_tta_section title=&#8221;Bestandteile&#8221; tab_id=&#8221;master-egokit-2400W-bestandteile&#8221;]<div class=\"section-text text-block \" ><h4 style=\"padding-left: 30px\"><strong>Bestandteile des EGO-Kits<\/strong><\/h4>\n<p style=\"padding-left: 30px\">\u2022\u00a0 Motor + Planetengetriebe<br \/>\n\u2022\u00a0 RockerEGO Adapter (Bike Spezifisch) zur Befestigung des Motors<br \/>\n\u2022\u00a0 Freilaufkurbel + Kettenblatt + Innenlager + Kette<br \/>\n\u2022\u00a0 Controller + Halterung<br \/>\n\u2022\u00a0 Twist Grip mit Ladeanzeige<br \/>\n\u2022\u00a0 Batterie + Verkabelung<br \/>\n\u2022\u00a0 7 Amper Schnellladeger\u00e4t<br \/>\n\u2022\u00a0<a href=\"https:\/\/www.evocsports.com\/de\/bike\/protector-backpacks\/fr-trail-team-20l\"> EVOC FR Rucksack<\/a><\/p>\n<\/div>[\/vc_tta_section][vc_tta_section title=&#8221;Motor&#8221; tab_id=&#8221;master-egokit-2400W-motor&#8221;]<div class=\"section-text text-block \" ><h4 style=\"padding-left: 30px\"><strong>Easy Power<\/strong><\/h4>\n<p style=\"padding-left: 30px\">Mit 3400 Watt Maximalleistung werden Steigungen zum Spiel, damit der Downhill-Fun schon vor der Abfahrt beginnt.<\/p>\n<p style=\"padding-left: 30px\"><strong>EGO3400 WRP<\/strong><\/p>\n<p style=\"padding-left: 30px\">\u2022\u00a0 1700 Watt Nennleistung, 3400 Watt Maximalleistung<br \/>\n\u2022\u00a0 wartungsfreier b\u00fcrstenloser Elektromotor<br \/>\n\u2022\u00a0 Planetengetriebe liefert hohes Drehmoment bei Steigungen<br \/>\n\u2022\u00a0 bis zu 130nm Drehmoment am Hinterrad<br \/>\n\u2022\u00a0 Gasgriff mit Batterieanzeige<br \/>\n\u2022\u00a0 H\u00f6here Motordrehzahl durch Highspeed-Controller<br \/>\n(breiteres Drehzahlband f\u00fcr bessere Performance bei reinem Motorbetrieb ohne Treten)<\/p>\n<\/div>[\/vc_tta_section][vc_tta_section title=&#8221;Controller&#8221; tab_id=&#8221;master-egokit-2400W-controller&#8221;]<div class=\"section-text text-block \" style=\"color:#777777;\"><h4 style=\"padding-left: 30px\"><strong>Easy Control<\/strong><\/h4>\n<p style=\"padding-left: 30px\">Auf Motor und Batterie abgestimmt, steuert der Controller die Leistungsabgabe und sorgt damit f\u00fcr Kontrolle und Betriebssicherheit. In Extremsituationen regelt dieser die \u00dcberlastung von Motor und Batterie.<\/p>\n<p style=\"padding-left: 30px\"><strong>EGO3400 WRP<\/strong><\/p>\n<p style=\"padding-left: 30px\">\u2022\u00a0 Highspeed-Controller f\u00fcr h\u00f6here Motordrehzahl<br \/>\n\u2022\u00a0 Elektronische Motorsteuerung<br \/>\n\u2022\u00a0 Steuerung der Leistungsabgabe bis zu 3400 Watt<br \/>\n\u2022\u00a0 Aufrechterhaltung der Betriebssicherheit<br \/>\n\u2022\u00a0 Motor\u00fcberlastungsschutz<\/p>\n<\/div>[\/vc_tta_section][vc_tta_section title=&#8221;Batterie&#8221; tab_id=&#8221;master-egokit-2400W-batterie&#8221;]<div class=\"section-text text-block \" ><h4 style=\"padding-left: 30px\"><strong>Feintuning in Serie<\/strong><\/h4>\n<p style=\"padding-left: 30px\">Die im EGO-Kit inkludierte Batterie ist mit integriertem EGO-BMS (Battery-Managementsystem) auf Controller und Motor speziell abgestimmt und garantiert damit optimale Performance.Die Platzierung der Batterie im mitgelieferten Rucksack garantiert Dir bestes Fahrverhalten und optimale Sprungeigenschaften. Denn nur ein leichtes Bike hat das aktive, wendige Handling zum Ausleben Deines Egos. Der beim EGO-Kit mitgelieferte Stecker ist in Extremsituationen in alle Richtungen leicht l\u00f6sbar.<\/p>\n<p style=\"padding-left: 30px\">\u2022\u00a0 LiMn (Lithium-Mangan)<br \/>\n\u2022\u00a0 EGO Battery-Managementsystem f\u00fcr ausgeglichene Ladestr\u00f6me einzelner Zellen<br \/>\n\u2022\u00a0 hohe Lebensdauer, kein Memoryeffekt<br \/>\n\u2022\u00a0 Balance-Funktion auch im ausgeschalteten Zustand<br \/>\n\u2022\u00a0 schnellladef\u00e4hig<br \/>\n\u2022\u00a0 inklusive EVOC Rucksack mit Back-Protection<\/p>\n<p style=\"padding-left: 30px\"><strong>EGO3400 WRP<\/strong><\/p>\n<p style=\"padding-left: 30px\"><strong>Leistung:<\/strong>\u00a0 54 Volt \/ 17.5 Ah \/ 1000 Wh<br \/>\n<strong>Gr\u00f6\u00dfe:<\/strong>\u00a0 10.5 x 15.7 x 32 cm<br \/>\n<strong>Gewicht:<\/strong>\u00a0 6.9 kg<br \/>\n<strong>Ladezeit:<\/strong> 3 h bei Schnellladung<\/p>\n<\/div>[\/vc_tta_section][vc_tta_section title=&#8221;Antrieb&#8221; tab_id=&#8221;master-egokit-2400W-antrieb&#8221;]<div class=\"section-text text-block \" ><h4 style=\"padding-left: 30px\"><strong>Easy Pedalling<\/strong><\/h4>\n<p style=\"padding-left: 30px\">Auch im Treteinsatz ohne Elektroantrieb bremst kein Motorwiderstand den Vorw\u00e4rtsdrang. Der Charakter eines aktiven Bikes bleibt durch das Freilaufsystem erhalten. F\u00fcr den Downhill-Einsatz optimiert l\u00e4sst sich der EGO Kit mit einer EGO Kettenf\u00fchrung kombinieren.<\/p>\n<p style=\"padding-left: 30px\">\u2022\u00a0 Mittelmotorantrieb<br \/>\n\u2022\u00a0 Motorfreilauf (kein Widerstand in Tretmodus)<br \/>\n\u2022\u00a0 EGO Kurbel mit Freilauf (f\u00fcr Motorantrieb ohne Treten)<br \/>\n\u2022\u00a0 Einsatz mit Umwerfer oder Kettenf\u00fchrung<br \/>\n\u2022\u00a0 Spezielles EGO-Innenlager auf Motorbreite abgestimmt<\/p>\n<\/div>[\/vc_tta_section][vc_tta_section title=&#8221;Betriebsmodi&#8221; tab_id=&#8221;master-egokit-2400W-betriebsmodi&#8221;]<div class=\"section-text text-block \" ><h4 style=\"padding-left: 30px\"><strong>Drei Betriebsmodi<\/strong><\/h4>\n<p style=\"padding-left: 30px\">1.\u00a0 Gasgriff zur manuellen Steuerung im offenen Betrieb ohne Treten<br \/>\n2.\u00a0 Stufenlose Unterst\u00fctzung der eigenen Tretenergie mit Gasgriff<br \/>\n3.\u00a0 Pedalieren ohne Motorwiderstand<\/p>\n<\/div>[\/vc_tta_section][vc_tta_section title=&#8221;Zusatzinformation&#8221; tab_id=&#8221;master-egokit-2400W-zusatzinformation&#8221;]<div class=\"section-text text-block \" ><p style=\"padding-left: 30px\"><strong>Tr\u00e4gersysteme:<\/strong>\u00a0 RockerEGO (Bike Spezifisch)<br \/>\n<strong>Montage:<\/strong>\u00a0 ISCG 03, ISCG 05, BB Adapter<br \/>\n<strong>Material:\u00a0 <\/strong>Aluminium<br \/>\n<strong>Farbe:\u00a0 <\/strong>Red (WRP) (andere Farbe gegen Aufpreis m\u00f6glich!)<\/p>\n<\/div>[\/vc_tta_section][vc_tta_section title=&#8221;Downloads&#8221; tab_id=&#8221;master-egokit-2400W-downloads&#8221;]<div class=\"section-text text-block \" ><blockquote>\n<p style=\"padding-left: 30px\"><a href=\"https:\/\/www.ego-kits.com\/wp-content\/uploads\/EGO_User_Manual_V3_2013_DE.pdf\" target=\"_blank\" rel=\"noopener\">&gt;&gt; Handbuch und Montageanleitung DE (PDF, 6MB)<\/a><br \/>\n<a href=\"https:\/\/www.ego-kits.com\/wp-content\/uploads\/EGO_Bikematch-sheet_DE.pdf\" target=\"_blank\" rel=\"noopener\">&gt;&gt; Bikematch DE (PDF, 1 MB)<\/a><\/p>\n<\/blockquote>\n<\/div>[\/vc_tta_section][\/vc_tta_tour]<\/div><\/div><\/section>\n","protected":false},"excerpt":{"rendered":"<h3>In weniger als 10 Minuten abnehmbar. Ohne Vorbereitung am Rahmen.<\/h3>\n<p>WRP. World record performance. State of the art. F\u00fcr den Weltrekord im Weitsprung wurde das Maximum aus den Einzelkomponenten gefordert. Auf Grundlage der Erkenntnisse wird der EGO-Kit 3400 WRP mit einer 54V, 17,5Ah Batterie betrieben, die noch l\u00e4nger mehr Power und Drehzahl liefert. Der Controller ist f\u00fcr h\u00f6here Str\u00f6me und Drehzahlen ausgelegt, die an den daf\u00fcr angepassten Motor weitergeben werden. Ein Ensemble f\u00fcr die h\u00f6chsten T\u00f6ne. Nicht blo\u00df die Revolution des Elektrofahrrads. Willkommen in einer neuen Sportart.<\/p>\n","protected":false},"featured_media":7485,"comment_status":"open","ping_status":"closed","template":"","meta":[],"class_list":["post-7479","product","type-product","status-publish","has-post-thumbnail","hentry","product_cat-rockerego","product_cat-3400-watt","pa_bike-bergamont-straitline-2013-2016","pa_bike-canyon-sender","pa_bike-liteville-601","pa_bike-liteville-901","pa_bike-polygon-colossus-dh9-2013-2017","pa_bike-rose-soulfire-2014-2017","pa_bike-rose-unchained-2014-2017","pa_bike-scott-voltage-2015-2017","pa_bike-specialized-demo-2011-2014","pa_bike-specialized-demo-2015-2017","pa_bike-specialized-status","pa_bike-yt-capra","pa_bike-yt-tues"],"_links":{"self":[{"href":"https:\/\/www.ego-kits.com\/en\/wp-json\/wp\/v2\/product\/7479","targetHints":{"allow":["GET"]}}],"collection":[{"href":"https:\/\/www.ego-kits.com\/en\/wp-json\/wp\/v2\/product"}],"about":[{"href":"https:\/\/www.ego-kits.com\/en\/wp-json\/wp\/v2\/types\/product"}],"replies":[{"embeddable":true,"href":"https:\/\/www.ego-kits.com\/en\/wp-json\/wp\/v2\/comments?post=7479"}],"wp:featuredmedia":[{"embeddable":true,"href":"https:\/\/www.ego-kits.com\/en\/wp-json\/wp\/v2\/media\/7485"}],"wp:attachment":[{"href":"https:\/\/www.ego-kits.com\/en\/wp-json\/wp\/v2\/media?parent=7479"}],"curies":[{"name":"wp","href":"https:\/\/api.w.org\/{rel}","templated":true}]}}