{"id":7477,"date":"2017-08-18T13:07:36","date_gmt":"2017-08-18T11:07:36","guid":{"rendered":"https:\/\/www.ego-kits.com\/?post_type=product&#038;p=7477"},"modified":"2017-09-05T16:21:23","modified_gmt":"2017-09-05T14:21:23","slug":"rocker-ego2400","status":"publish","type":"product","link":"https:\/\/www.ego-kits.com\/en\/shop\/rocker-ego2400\/","title":{"rendered":"Rocker EGO2400"},"content":{"rendered":"<section  class=\"content-section full-width with-col rella-no-padding rella-no-margin    content-section-6a037bdbed40f\"><div class=\"row vc_row-fluid\"><div class=\"wpb_column col-md-12 align-left\">[vc_tta_tour style=&#8221;flat&#8221; shape=&#8221;square&#8221; color=&#8221;white&#8221; controls_size=&#8221;md&#8221; active_section=&#8221;1&#8243;][vc_tta_section title=&#8221;Kompatible Bikes&#8221; tab_id=&#8221;master-egokit-2400W-bikes&#8221;]<div class=\"section-text text-block \" ><p style=\"padding-left: 30px\">Bergamont Straitline 2013-2016<br \/>\nCanyon Sender<br \/>\nLiteville 601<br \/>\nLiteville 901<br \/>\nPolygon Colossus DH9 2013-2017<br \/>\nRose Soulfire 2014-2017<br \/>\nRose Unchained 2014-2017<br \/>\nScott Voltage 2015-2017<br \/>\nSpecialized Status<br \/>\nSpecialized Demo 2011-2014<br \/>\nSpecialized Demo 2015-2017<br \/>\nYT Tues<br \/>\nYT Carpa<\/p>\n<\/div>[\/vc_tta_section][vc_tta_section title=&#8221;Montage&#8221; tab_id=&#8221;1503069101959-3b2b755e-ee9b&#8221;]<div class=\"section-text text-block \" ><h4 style=\"padding-left: 30px\"><strong>Flexible Power<\/strong><\/h4>\n<p style=\"padding-left: 30px\">Mittels Rocker-Verschraubung durch die D\u00e4mpfer-Wippe und ISCG-Aufnahme erfolgt die Befestigung des RockerEGO Motors. Falls nach deinem Trail-Hardrock der Bikepark mit Lift deine B\u00fchne wird, ist der Motor in 2 Minuten mittels 2 Schrauben demontierbar. Auch ohne Roadie-Technikerfahrung.<\/p>\n<p style=\"padding-left: 30px\">\u2022 Einbauort Unterseite Unterrohr, ISCG-Aufnahme + D\u00e4mpfer Wippe<br \/>\n\u2022 Mit ausgew\u00e4hlten Bikes am Markt kompatibel<br \/>\n\u2022 CNC gefr\u00e4ster Adapter aus 7075 Aluminium<br \/>\n\u2022 Verwindungssteife Konstruktion ohne Leistungsverluste<br \/>\n\u2022 Patentierte Aufh\u00e4ngung<\/p>\n<\/div>[\/vc_tta_section][vc_tta_section title=&#8221;Bestandteile&#8221; tab_id=&#8221;master-egokit-2400W-bestandteile&#8221;]<div class=\"section-text text-block \" ><h4 style=\"padding-left: 30px\"><strong>Bestandteile des EGO-Kits<\/strong><\/h4>\n<p style=\"padding-left: 30px\">\u2022\u00a0 RockerEGO (Bike Spezifisch) Adapter zur Befestigung des Motors<br \/>\n\u2022\u00a0 Motor + Planetengetriebe<br \/>\n\u2022\u00a0 Freilaufkurbel + Kettenblatt + Innenlager + Kette<br \/>\n\u2022\u00a0 Controller + Halterung<br \/>\n\u2022\u00a0 Twist Grip mit Ladeanzeige<br \/>\n\u2022\u00a0 Batterie + Verkabelung<br \/>\n\u2022\u00a0 7 Amper Schnellladeger\u00e4t<br \/>\n\u2022\u00a0 <a href=\"https:\/\/www.evocsports.com\/de\/bike\/protector-backpacks\/fr-trail-team-20l\">EVOC FR Rucksack<\/a><\/p>\n<\/div>[\/vc_tta_section][vc_tta_section title=&#8221;Motor&#8221; tab_id=&#8221;master-egokit-2400W-motor&#8221;]<div class=\"section-text text-block \" ><h4 style=\"padding-left: 30px\"><strong>Easy Power<\/strong><\/h4>\n<p style=\"padding-left: 30px\"><strong>EGO2400<\/strong><\/p>\n<p style=\"padding-left: 30px\">\u2022\u00a0 1200 Watt Nennleistung, 2400 Watt Maximalleistung<br \/>\n\u2022\u00a0 wartungsfreier b\u00fcrstenloser Elektromotor<br \/>\n\u2022\u00a0 Planetengetriebe liefert hohes Drehmoment bei Steigungen<br \/>\n\u2022\u00a0 bis zu 100nm Drehmoment am Hinterrad<br \/>\n\u2022\u00a0 Gasgriff mit Batterieanzeige<\/p>\n<\/div>[\/vc_tta_section][vc_tta_section title=&#8221;Controller&#8221; tab_id=&#8221;master-egokit-2400W-controller&#8221;]<div class=\"section-text text-block \" style=\"color:#777777;\"><h4 style=\"padding-left: 30px\"><strong>Easy Control<\/strong><\/h4>\n<p style=\"padding-left: 30px\">Auf Motor und Batterie abgestimmt, steuert der Controller die Leistungsabgabe und sorgt damit f\u00fcr Kontrolle und Betriebssicherheit. In Extremsituationen regelt dieser die \u00dcberlastung von Motor und Batterie.<\/p>\n<p style=\"padding-left: 30px\"><strong>EGO2400<\/strong><\/p>\n<p style=\"padding-left: 30px\">\u2022\u00a0 Elektronische Motorsteuerung<br \/>\n\u2022\u00a0 Steuerung der Leistungsabgabe bis zu 2400 Watt<br \/>\n\u2022\u00a0 Aufrechterhaltung der Betriebssicherheit<br \/>\n\u2022\u00a0 Motor\u00fcberlastungsschutz<\/p>\n<\/div>[\/vc_tta_section][vc_tta_section title=&#8221;Batterie&#8221; tab_id=&#8221;master-egokit-2400W-batterie&#8221;]<div class=\"section-text text-block \" ><h4 style=\"padding-left: 30px\"><strong>Feintuning in Serie<\/strong><\/h4>\n<p style=\"padding-left: 30px\">Die im EGO-Kit inkludierte Batterie ist mit integriertem EGO-BMS (Battery-Managementsystem) auf Controller und Motor speziell abgestimmt und garantiert damit optimale Performance.Die Platzierung der Batterie im mitgelieferten Rucksack garantiert Dir bestes Fahrverhalten und optimale Sprungeigenschaften. Denn nur ein leichtes Bike hat das aktive, wendige Handling zum Ausleben Deines Egos. Der beim EGO-Kit mitgelieferte Stecker ist in Extremsituationen in alle Richtungen leicht l\u00f6sbar.<\/p>\n<p style=\"padding-left: 30px\">\u2022\u00a0 LiMn (Lithium-Mangan)<br \/>\n\u2022\u00a0 EGO Battery-Managementsystem f\u00fcr ausgeglichene Ladestr\u00f6me einzelner Zellen<br \/>\n\u2022\u00a0 hohe Lebensdauer, kein Memoryeffekt<br \/>\n\u2022\u00a0 Balance-Funktion auch im ausgeschalteten Zustand<br \/>\n\u2022\u00a0 Schnellladef\u00e4hig<br \/>\n\u2022\u00a0 inklusive EVOC Rucksack mit Back-Protection<\/p>\n<p style=\"padding-left: 30px\"><strong>EGO2400\u00a0<\/strong><\/p>\n<p style=\"padding-left: 30px\"><strong>Leistung:<\/strong>\u00a0 48 Volt \/ 12.5 Ah \/ 600 Wh<br \/>\n<strong>Gr\u00f6\u00dfe:<\/strong>\u00a0 10.5 x 14.7 x 28 cm<br \/>\n<strong>Gewicht:<\/strong>\u00a0 4.9 kg<br \/>\n<strong>Ladezeit:<\/strong> 1,5 h bei Schnellladung<\/p>\n<\/div>[\/vc_tta_section][vc_tta_section title=&#8221;Antrieb&#8221; tab_id=&#8221;master-egokit-2400W-antrieb&#8221;]<div class=\"section-text text-block \" ><h4 style=\"padding-left: 30px\"><strong>Easy Pedalling<\/strong><\/h4>\n<p style=\"padding-left: 30px\">Auch im Treteinsatz ohne Elektroantrieb bremst kein Motorwiderstand den Vorw\u00e4rtsdrang. Der Charakter eines aktiven Bikes bleibt durch das Freilaufsystem erhalten. F\u00fcr den Downhill-Einsatz optimiert l\u00e4sst sich der EGO Kit mit einer EGO Kettenf\u00fchrung kombinieren.<\/p>\n<p style=\"padding-left: 30px\">\u2022\u00a0 Mittelmotorantrieb<br \/>\n\u2022\u00a0 Motorfreilauf (kein Widerstand in Tretmodus)<br \/>\n\u2022\u00a0 EGO Kurbel mit Freilauf (f\u00fcr Motorantrieb ohne Treten)<br \/>\n\u2022\u00a0 Einsatz mit Umwerfer oder Kettenf\u00fchrung<br \/>\n\u2022\u00a0 Spezielles EGO-Innenlager auf Motorbreite abgestimmt<\/p>\n<\/div>[\/vc_tta_section][vc_tta_section title=&#8221;Betriebsmodi&#8221; tab_id=&#8221;master-egokit-2400W-betriebsmodi&#8221;]<div class=\"section-text text-block \" ><h4 style=\"padding-left: 30px\"><strong>Drei Betriebsmodi<\/strong><\/h4>\n<p style=\"padding-left: 30px\">1.\u00a0 Gasgriff zur manuellen Steuerung im offenen Betrieb ohne Treten<br \/>\n2.\u00a0 Stufenlose Unterst\u00fctzung der eigenen Tretenergie mit Gasgriff<br \/>\n3.\u00a0 Pedalieren ohne Motorwiderstand<\/p>\n<\/div>[\/vc_tta_section][vc_tta_section title=&#8221;Zusatzinformation&#8221; tab_id=&#8221;master-egokit-2400W-zusatzinformation&#8221;]<div class=\"section-text text-block \" ><p style=\"padding-left: 30px\"><strong>Tr\u00e4gersysteme:<\/strong>\u00a0 RockerEGO (Bike Spezifisch)<br \/>\n<strong>Montage:<\/strong>\u00a0 ISCG 03, ISCG 05, BB Adapter<br \/>\n<strong>Material:\u00a0 <\/strong>Aluminium<br \/>\n<strong>Farbe:\u00a0 <\/strong>Black (andere Farbe gegen Aufpreis m\u00f6glich!)<\/p>\n<\/div>[\/vc_tta_section][vc_tta_section title=&#8221;Downloads&#8221; tab_id=&#8221;master-egokit-2400W-downloads&#8221;]<div class=\"section-text text-block \" ><blockquote>\n<p style=\"padding-left: 30px\"><a href=\"https:\/\/www.ego-kits.com\/wp-content\/uploads\/EGO_User_Manual_V3_2013_DE.pdf\" target=\"_blank\" rel=\"noopener\">&gt;&gt; Handbuch und Montageanleitung DE (PDF, 6MB)<\/a><br \/>\n<a href=\"https:\/\/www.ego-kits.com\/wp-content\/uploads\/EGO_Bikematch-sheet_DE.pdf\" target=\"_blank\" rel=\"noopener\">&gt;&gt; Bikematch DE (PDF, 1 MB)<\/a><br \/>\n<a href=\"https:\/\/www.ego-kits.com\/wp-content\/uploads\/EGO_DOUBLEEGO_Produktfolder_8p_EN_2014-2-web.pdf\" target=\"_blank\" rel=\"noopener\">&gt;&gt; DoubleEGO Brosch\u00fcre DE (PDF, 4 MB)<\/a><\/p>\n<\/blockquote>\n<\/div>[\/vc_tta_section][\/vc_tta_tour]<\/div><\/div><\/section>\n","protected":false},"excerpt":{"rendered":"<h3>In weniger als 10 Minuten abnehmbar. Ohne Vorbereitung am Rahmen.<\/h3>\n<p>Gelegenheit zu nutzen ist klug und beschleunigt deinen Weg. Der durch die Federungs-Wippe vorhandene Drehpunkt am Unterrohr (\u201eSuspension-Rocker\u201c) stellt einen idealen Montagepunkt dar. Dieser beschleunigt zuerst die Montage deines EGO-Motors und dann dein Bike mit dir, damit du deine Trails noch schneller rocken kannst.<\/p>\n","protected":false},"featured_media":7464,"comment_status":"open","ping_status":"closed","template":"","meta":[],"class_list":["post-7477","product","type-product","status-publish","has-post-thumbnail","hentry","product_cat-rockerego","product_cat-2400-watt","pa_bike-bergamont-straitline-2013-2016","pa_bike-canyon-sender","pa_bike-liteville-601","pa_bike-liteville-901","pa_bike-polygon-colossus-dh9-2013-2017","pa_bike-rose-soulfire-2014-2017","pa_bike-rose-unchained-2014-2017","pa_bike-scott-voltage-2015-2017","pa_bike-specialized-demo-2011-2014","pa_bike-specialized-demo-2015-2017","pa_bike-specialized-status","pa_bike-yt-capra","pa_bike-yt-tues"],"_links":{"self":[{"href":"https:\/\/www.ego-kits.com\/en\/wp-json\/wp\/v2\/product\/7477","targetHints":{"allow":["GET"]}}],"collection":[{"href":"https:\/\/www.ego-kits.com\/en\/wp-json\/wp\/v2\/product"}],"about":[{"href":"https:\/\/www.ego-kits.com\/en\/wp-json\/wp\/v2\/types\/product"}],"replies":[{"embeddable":true,"href":"https:\/\/www.ego-kits.com\/en\/wp-json\/wp\/v2\/comments?post=7477"}],"wp:featuredmedia":[{"embeddable":true,"href":"https:\/\/www.ego-kits.com\/en\/wp-json\/wp\/v2\/media\/7464"}],"wp:attachment":[{"href":"https:\/\/www.ego-kits.com\/en\/wp-json\/wp\/v2\/media?parent=7477"}],"curies":[{"name":"wp","href":"https:\/\/api.w.org\/{rel}","templated":true}]}}