{"id":3155,"date":"2015-09-23T21:07:08","date_gmt":"2015-09-23T21:07:08","guid":{"rendered":"http:\/\/www.ego-kits.com\/?page_id=3155"},"modified":"2025-10-08T16:26:02","modified_gmt":"2025-10-08T14:26:02","slug":"agbs","status":"publish","type":"page","link":"https:\/\/www.ego-kits.com\/en\/agbs\/","title":{"rendered":"AGBs"},"content":{"rendered":"<section  class=\"content-section full-width with-col cover custom-padding rella-no-margin    content-section-69f3c5e4ae478\"><div class=\"row vc_row-fluid\"><div class=\"wpb_column col-md-12 align-center\"><h3  class=\"banner-heading font-alt mb-30 mb-xxs-10\"  style=\"font-size:20px;font-weight:400;\">A Deal is a Deal.<\/h3><\/div><\/div><\/section><section  class=\"content-section full-width with-col cover custom-padding rella-no-margin    content-section-69f3c5e4ae631\"><div class=\"row vc_row-fluid\"><div class=\"wpb_column col-md-12 align-left\"><blockquote class=\"mb-0 \" ><div ><p style=\"text-align: left\">F\u00fcr ein faires Gesch\u00e4ft stehen hier die allgemeinen Gesch\u00e4ftsbedingungen bereit um in Ruhe zu Gem\u00fcte gef\u00fchrt zu werden.<\/p>\n<\/div><\/blockquote><div  class=\"clear rs-space\" style=\"height:75px;\"><\/div><div class=\"section-text text-block align-left\" ><p><strong>Allgemeine Geschaftsbedigungen <\/strong><\/p>\n<p><strong>der Firma: <\/strong>Mario Preining &#8211; EGO Sports, Gerstnerstr. 4, 4040 Linz \/ Austria<\/p>\n<p>(nachstehend \u201eEGO\u201c)<\/p>\n<p>&nbsp;<\/p>\n<p><strong>1. Allgemeines<\/strong><\/p>\n<p>Die Firma Mario Preining &#8211; EGO Sports mit dem Sitz in Linz und der Gesch\u00e4ftsanschrift Mario Preining, Gerstnerstr. 4, 4040 Linz (im Folgenden: \u201eEGO\u201c) entwickelt Antriebe fu\u0308r E-Bikes namens EGO-Kits. EGO bietet auf ihrer Webseite http:\/\/www.ego-kits.com u\u0308ber einen Webshop\/Onlineshop, per email, per Telefon und auch in einer Gesch\u00e4ftsstelle die M\u00f6glichkeit an, die EGO-Kits k\u00e4uflich zu erwerben. Die von EGO angebotenen Waren verkauft EGO im eigenen Namen und auf eigene Rechnung.<\/p>\n<p><strong>2. Geltungsbereich<\/strong><\/p>\n<p>Diese Allgemeinen Gesch\u00e4ftsbedingungen (AGB) gelten fu\u0308r s\u00e4mtliche Rechtsbeziehungen zwischen EGO und ihren Kunden (im Folgenden: \u201eKunden\u201c). Anwendbares zwingendes Recht \u2013 insbesondere allf\u00e4llig anwendbare zwingende Bestimmungen des Konsumentenschutzgesetzes (KSchG) \u2013 bleibt davon unberu\u0308hrt. Die Anwendbarkeit von allgemeinen Gesch\u00e4ftsbedingungen der Kunden wird ausdru\u0308cklich ausgeschlossen. EGO beh\u00e4lt sich vor, diese AGB von Zeit zu Zeit zu aktualisieren.<\/p>\n<p>&nbsp;<\/p>\n<p><strong>3. Bestellvorgang<\/strong><\/p>\n<p>Die Angebote der EGO im Webshop sind unverbindlich und freibleibend; sie stellen lediglich eine Einladung zur Abgabe eines Angebots (invitatio ad offerendum) durch den Kunden dar.<\/p>\n<p>Indem der Kunde im Onlineshop Waren bestellt, wird EGO ein Anbot zum Abschluss eines Kaufvertrages u\u0308ber die zuvor vom Kunden ausgew\u00e4hlten Waren u\u0308bermittelt. Mit Zugang des Anbots an EGO wird das Angebot des Kunden verbindlich. Der Zugang des Angebots erfolgt dadurch, dass EGO dem Kunden zun\u00e4chst zur \u00dcberpru\u0308fung seiner Bestellung diese nochmals im Detail, insbesondere mit den Betr\u00e4gen, die vom ihm zu bezahlen sind, u\u0308bersichtlich darstellt und der Kunde per Mausklick seine Bestellung (das Angebot) best\u00e4tigt.<\/p>\n<p>Wenn der Kunde ein Verbraucher iSd \u00a7 1 Abs 1 Z 2 KSchG ist, dann erh\u00e4lt er in dieser \u00dcberpru\u0308fungsansicht auch die Informationen nach \u00a7 5c KSchG (u.a. Name und ladungsf\u00e4hige Anschrift von EGO, allf\u00e4llige Lieferkosten, etc). Sodann erh\u00e4lt der Kunde eine Bestellbest\u00e4tigung.<\/p>\n<p>Damit die EGO das Anbot annehmen kann, muss EGO u\u0308ber alle erforderlichen Angaben des Kunden verfu\u0308gen. Diese sind vom Kunden anl\u00e4sslich seiner Bestellung anzugeben. Dabei handelt es sich um Vor- und Zuname, Geburtsdatum, bei einer juristischen Person Firmenbuch- oder Handelsregisternummer und Umsatzsteueridentifikationsnummer (UID), eine zustellf\u00e4hige Adresse, eine gu\u0308ltige E-Mail-Adresse, eine gu\u0308ltige Telefonnummer, unter welcher der Kunde fu\u0308r etwaige telefonische Ru\u0308ckfragen von 09:00 Uhr bis 17:00 Uhr MEZ bzw. MESZ werktags erreichbar ist sowie die Kreditkartennummer, u\u0308ber die der Kauf abgewickelt werden soll.<\/p>\n<p>Das Angebot des Kunden wird von EGO durch \u00dcbermittlung einer gesonderten Auftragsbest\u00e4tigung an den Kunden angenommen. EGO beh\u00e4lt sich jedoch vor, Bestellungen des Kunden &#8211; insbesondere auch nach Zugang der Bestellung bei EGO sowie auch nach Versendung einer Bestellbest\u00e4tigung durch EGO an den Kunden &#8211; abzulehnen bzw. nicht durchzufu\u0308hren, insbesondere wenn offene Rechnungen aus anderen Bestellungen des Kunden bestehen. Dem Kunden erwachsen hieraus keine wie immer gearteten Anspru\u0308che. Insofern der Kunde gesonderte Vorgaben oder Anforderungen an den Vertragsgegenstand respektive an die von EGO zu erbringenden Leistungen stellt (z.B. gewu\u0308nschte Sonderausstattung oder bestimmte Farbwahl), hat er diese der EGO vor Vertragsabschluss schriftlich mitzuteilen. Die Annahme durch EGO erfolgt erst durch schriftliche Ru\u0308ckbest\u00e4tigung. Nachtr\u00e4gliche \u00c4nderungen nach Vertragsabschluss k\u00f6nnen ohne Rechtsanspruch nur im Ausnahmefall und gegen entsprechenden Kostenersatz durchgefu\u0308hrt werden.<\/p>\n<p>Da Kunden, die natu\u0308rliche Personen sind, beim Bestellvorgang ihr Geburtsdatum zwingend anzugeben haben, beh\u00e4lt sich EGO das Recht vor, die Bestellung (das Angebot) von minderj\u00e4hrigen natu\u0308rlichen Personen abzulehnen. EGO ist aber nicht verpflichtet, zu pru\u0308fen, ob der betreffende Kunde nach den geltenden Bestimmungen des Staates seines gew\u00f6hnlichen Aufenthalts und\/oder seiner Nationalit\u00e4t als minderj\u00e4hrig zu qualifizieren ist. Die Bestellung einer Ware durch eine minderj\u00e4hrige Person mit schriftlicher Genehmigung des gesetzlichen Vertreters entspricht jedenfalls der Bestellung einer Ware durch eine vollj\u00e4hrige Person.<\/p>\n<p><strong>4. Ru\u0308cktrittsrecht fu\u0308r Verbraucher<\/strong><\/p>\n<p>Wenn der Kunde ein Verbraucher iSd \u00a7 1 Abs 1 Z 2 KSchG ist, dann hat er unter den Voraussetzungen des \u00a7 5e KSchG das Recht, innerhalb von sieben Werktagen ab Zugang der Lieferung &#8211; Bzw. bei Vertr\u00e4gen u\u0308ber die Erbringung von Dienstleistungen innerhalb von sieben Werktagen ab Vertragsabschluss &#8211; vom Vertrag zuru\u0308ckzutreten. Es genu\u0308gt, wenn die Ru\u0308cktrittserkl\u00e4rung innerhalb der oben genannten Frist vom Kunden an EGO abgesendet wird.<\/p>\n<p>Eine Ru\u0308cktrittserkl\u00e4rung des Kunden ist schriftlich (Schriftform erforderlich) zu richten an:<\/p>\n<p>\u2022 Per Brief: EGO Sports, Mario Preining, Gerstnerstr. 4, 4040 Linz, \u00d6sterreich, oder<\/p>\n<p>\u2022 Per Email: info@ego-kits.com<\/p>\n<p>Das Ru\u0308cktrittsrecht gilt nicht fu\u0308r Waren, die nach Kundenspezifikationen gefertigt werden, die eindeutig auf die pers\u00f6nlichen Bedu\u0308rfnisse zugeschnitten sind, oder die auf Grund ihrer Beschaffenheit nicht fu\u0308r eine Ru\u0308cksendung geeignet sind.<\/p>\n<p>Im Falle eines wirksam erkl\u00e4rten Ru\u0308cktritts des Kunden hat EGO die vom Kunden geleisteten Zahlungen Zug um Zug gegen Ru\u0308ckstellung der vom Kunden empfangenen Leistungen zu erstatten. EGO hat den vom Kunden auf die Sache gemachten notwendigen und nu\u0308tzlichen Aufwand zu ersetzen. Der Kunde hat EGO ein angemessenes Entgelt fu\u0308r die Benu\u0308tzung, einschlie\u00dflich einer Entsch\u00e4digung fu\u0308r eine damit verbundene Minderung des gemeinen Werts der Leistung, zu zahlen.<\/p>\n<p>Im Sinn des \u00a7 5g Abs 2 KSchG wird hiermit ausdru\u0308cklich vereinbart, dass im Fall des Ru\u0308cktritts durch den Kunden dem Kunden jedenfalls die unmittelbaren Kosten der Ru\u0308cksendung auferlegt werden. Der Kunde wird darauf hingewiesen, dass insbesondere im Fall der Ru\u0308cksendung aus dem Ausland nach \u00d6sterreich die Kosten der Ru\u0308cksendung erheblich sein k\u00f6nnen. Auf Wunsch des Kunden wird EGO vor Ausu\u0308bung des Ru\u0308cktrittsrechts durch den Kunden eine unverbindliche Sch\u00e4tzung der zu erwartenden Ru\u0308cksendekosten mitteilen. Daru\u0308ber hinaus beh\u00e4lt sich EGO vor, Schadenersatzanspru\u0308che \u2013 insbesondere hinsichtlich frustrierter Aufwendungen fu\u0308r Zahlungsdienstleister \u2013 gegen den Kunden geltend zu machen, wenn diese Kosten bei einem sorgfaltsgem\u00e4\u00dfen Verhalten des Kunden nach Treu und Glauben leicht h\u00e4tten vermieden werden k\u00f6nnen.<\/p>\n<p><strong>5. Lieferung<\/strong><\/p>\n<p>EGO ist bestrebt, bestellte Waren unverzu\u0308glich an die vom Kunden beim Bestellvorgang angegebene Adresse auszuliefern. Die Wahl des Lieferanten bleibt EGO u\u0308berlassen; die Verpackung erfolgt in handelsu\u0308blicher Weise. Der Kunde erkl\u00e4rt sich mit einer verkehrsu\u0308blichen Versendungsart ausdru\u0308cklich einverstanden. Der Kunde wird beim Bestellvorgang u\u0308ber die Versendungsart aufgekl\u00e4rt. Express- und Luftfrachtzuschl\u00e4ge werden dem Kunden gesondert verrechnet.<\/p>\n<p>Sollte einmal eine Ware nicht lagernd sein, wird der Kunde hieru\u0308ber informiert, wobei ihm auch die zu erwartende Lieferzeit bekanntgegeben wird. In diesem Fall hat der Kunde die M\u00f6glichkeit, binnen einem Werktag ab Bekanntgabe der zu erwartenden Lieferzeit vom Kauf dieser Ware mittels schriftlicher Erkl\u00e4rung gegenu\u0308ber EGO zuru\u0308ckzutreten. Wu\u0308nscht der Kunde dennoch die bestellte Ware zu erhalten, hat er dies EGO bekannt zugeben.<\/p>\n<p>Die Vereinbarung von verbindlichen Lieferterminen oder fristen zwischen EGO und dem Kunden bedarf der Schriftform.<\/p>\n<p><strong>6. Bezahlung\/Preis<\/strong><\/p>\n<p>Im Zuge des Bestellvorgangs hat der Kunde die Zahlungsart fu\u0308r die Begleichung des Kaufpreises auszuw\u00e4hlen, wobei er sich fu\u0308r eine Bezahlung per Kreditkarte (Paylife) oder Paypal entscheiden kann. Die Bezahlung hat sogleich mit Abschluss der Bestellung zu erfolgen.<\/p>\n<p>Eine rechtswirksame Bestellung setzt einen durchgefu\u0308hrten Bezahlungsvorgang seitens des Kunden voraus. Nur wenn die Bestellung abgeschlossen und auch der Bezahlvorgang durch den Kunden erfolgt ist, erh\u00e4lt der Kunde die Auftragsbest\u00e4tigung per E-Mail. Sofern der Name des Kunden und der Name des Kreditkarteninhabers voneinander abweichen, beh\u00e4lt sich EGO das Recht vor, das Vertragsanbot binnen sieben Tagen nach Absendung der Bestellung abzulehnen oder, falls dem Kunden bereits eine Auftragsbest\u00e4tigung zugegangen ist, binnen sieben Tagen nach Versand der Auftragsbest\u00e4tigung vom Vertrag zuru\u0308ckzutreten. In einem solchen Fall haften der Kunde sowie der Kreditkarteninhaber gegenu\u0308ber EGO zur ungeteilten Hand fu\u0308r Schadenersatzanspru\u0308che, insbesondere fu\u0308r Kosten, die EGO im Zusammenhang mit Zahlungsdienstleitungen entstehen. Wenn EGO das Angebot des Kunden annimmt bzw. nicht vom Vertrag zuru\u0308cktritt, haften der Kunde sowie der Kreditkarteninhaber gegenu\u0308ber EGO zur ungeteilten Hand fu\u0308r den Kaufpreis.<\/p>\n<p>Die Preise der von EGO angebotenen Waren verstehen sich in EURO inklusive der gesetzlichen Umsatzsteuer und exklusive Lieferkosten.<\/p>\n<p>Die aktuellen Versandkosten sind im Servicebereich unter dem Punkt \u201eVersandbedingungen\u201c zu finden. Etwaig anfallende Versandkosten<\/p>\n<p>sind auch bei Ru\u0308cksendungen von Waren, sofern diese den bestellten Waren entsprechen, vom Kunden zu tragen. Dies trifft insbesondere bei Nichtannahme von Nachnahmesendungen sowie Stornierungen zu, bei denen die Ware bereits versendet wurde.<\/p>\n<p><strong>7. Gefahrenu\u0308bergang<\/strong><\/p>\n<p>Mit \u00dcbergabe der Ware an den ersten Transporteur geht die Leistungs- und Preisgefahr fu\u0308r ein zuf\u00e4lliges Untergehen der Ware auf den Kunden u\u0308ber. Dies bedeutet, dass ab diesem Zeitpunkt der Kunde jegliches Risiko des Unterganges auf dem Transportweg tr\u00e4gt und deshalb den Kaufpreis auch dann zu leisten hat, wenn die Ware w\u00e4hrend des Transports zum Kunden untergehen sollte. Etwaige Ersatzanspru\u0308che des Kunden gegen den Transporteur bleiben davon unberu\u0308hrt.<\/p>\n<p><strong>8. Eigentumsvorbehalt<\/strong><\/p>\n<p>Die gelieferte Ware bleibt bis zur vollst\u00e4ndigen Bezahlung der von EGO gegenu\u0308ber dem Kunden erbrachten Leistungen im Eigentum von EGO; dies auch dann, wenn einzelne Teile bereits bezahlt wurden.<\/p>\n<p><strong>9. Gew\u00e4hrleistung<\/strong><\/p>\n<p>Sofern die gekaufte Ware einen Mangel aufweist, so bestehen fu\u0308r den Kunden Gew\u00e4hrleistungsanspru\u0308che. Gem\u00e4\u00df \u00a7 932 ABGB stehen dem Kunden die Verbesserung, der Austausch, die Preisminderung oder die Aufhebung des Vertrags zu, wobei der Kunde zun\u00e4chst nur die Verbesserung oder den Austausch der Sache verlangen kann, es sei denn, dass die Verbesserung oder der Austausch unm\u00f6glich ist oder fu\u0308r EGO mit einem unverh\u00e4ltnism\u00e4\u00dfig hohen Aufwand verbunden w\u00e4re. In diesem Fall hat der Kunde das Recht auf Preisminderung oder, sofern es sich nicht um einen geringfu\u0308gigen Mangel handelt, das Recht auf Wandlung. Die Anzeige eines Mangels bedarf der Schriftform.<\/p>\n<p>Wenn der Kunde kein Verbraucher ist, dann betr\u00e4gt die Frist fu\u0308r die Geltendmachung von Gew\u00e4hrleistungsanspru\u0308chen ein Jahr. Die Bestimmungen u\u0308ber die Garantie bleiben hiervon unberu\u0308hrt.<\/p>\n<p>Die EGO-Kits verfu\u0308gen derzeit noch nicht u\u0308ber eine T\u00dcV- oder CE-Zertifizierung. Die diesbezu\u0308glichen Genehmigungsverfahren sind noch nicht abgeschlossen. Der Kunde wird auf der Homepage bei Vertragsabschluss auch gesondert darauf hingewiesen. Aus diesem Umstand resultieren jedoch keine wie immer gearteten Anspru\u0308che des Kunden gegenu\u0308ber der EGO Sports GmbH.<\/p>\n<p><strong>10. Garantie<\/strong><\/p>\n<p>EGO garantiert vom Erstkaufdatum an fu\u0308r ein Jahr, dass das Produkt frei von M\u00e4ngeln in Material oder Verarbeitung ist. Die Bestimmungen u\u0308ber die Gew\u00e4hrleistung bleiben hiervon unberu\u0308hrt.<\/p>\n<p>Die Garantie gilt nur fu\u0308r den Ersterwerber und erfordert zu deren Geltendmachung eine Kopie des originalen Kaufbelegs. Auf Aufforderung seitens EGO ist auch das Original des Kaufbelegs vorzulegen. Im Garantiefall hat der Kunde umgehend mit EGO in Kontakt\u00a0 zu treten. E-Mail: <a href=\"mailto:support@ego-kits.com\">info@ego-kits.com<\/a>.<\/p>\n<p>Der Nutzer eines EGO-Kits ist zu Sorgfalt bei der Nutzung und regelm\u00e4\u00dfiger Wartung des Produkts angehalten. Verschlei\u00dfteile sind hiervon ausgenommen und bei Bedarf und gem\u00e4\u00df den Herstellervorgaben zu erneuern.<\/p>\n<p>In der EGO-Kits Garantie enthalten sind:<\/p>\n<p>\u2022 Herstellungsfehler<\/p>\n<p>\u2022 Verarbeitungsfehler<\/p>\n<p>\u2022 Materialfehler<\/p>\n<p>Verschlei\u00dfteile, normaler Verschlei\u00df und Abnutzung sind von der Garantie ausgeschlossen. Zum normalen Verschlei\u00df von Komponenten kann es insbesondere infolge des sachgem\u00e4\u00dfen Gebrauchs, der Nichteinhaltung von Empfehlungen von EGO und\/oder von Fahren unter anderen als den empfohlenen Bedingungen kommen.<\/p>\n<p>Die Garantie gilt nicht fu\u0308r EGO-Kits, die nicht fachgerecht montiert und\/oder eingestellt wurden. Beispiele fu\u0308r Verschlei\u00dfteile:<\/p>\n<p>W\u00e4lzlager inkl. deren Dichtungen und Schmierstoffe (Rillenkugellager\/Schr\u00e4gkugellager\/ Nadellager etc.), Fu\u0308hrungen und Dichtungen von Federelementen, Antriebskomponenten (Kette\/Ritzel\/Kettenbl\u00e4tter\/Freil\u00e4ufe), Staubdichtungen, Buchsen, luftschlie\u00dfende O-Ringe, Gleitringe, Bewegliche Teile aus Gummi, Schaumgummiringe, Ketten, Lagerlauffl\u00e4chen, Kettenr\u00e4der, Kassetten, Antriebszahnr\u00e4der, Lager, Werkzeug, Lenkergriffe, \u00dcberdrehte Gewinde, Schaltgriffe, Sperrklinken, Spannrollen, Schrauben, Lagerachsen, Gleitlager, Akkumulatoren, etc.<\/p>\n<p>Sch\u00e4den, die von Fremdbauteilen verursacht werden, sind von der Garantie ausgeschlossen. Sch\u00e4den, infolge der Verwendung von Teilen, die nicht kompatibel oder geeignet sind bzw. nicht von EGO fu\u0308r die Verwendung mit EGO-Komponenten autorisiert wurden, sind von der Garantie ebenso ausgeschlossen. Diese Garantie deckt keine Sch\u00e4den oder Kosten, die infolge gewerblicher Nutzung (z.B. Vermietung) entstehen. Diese Garantie gilt nicht bei Sch\u00e4den am Produkt infolge von Unf\u00e4llen, Stu\u0308rzen oder missbr\u00e4uchlicher Nutzung, Nichtbeachtung der Herstellerangaben oder sonstiger Umst\u00e4nde, unter denen das Produkt nicht bestimmungsgem\u00e4\u00dfen Belastungen oder Kr\u00e4ften ausgesetzt wurde. Bei Ver\u00e4nderungen am Produkt erlischt der Garantieanspruch. Der Garantieanspruch erlischt ebenfalls, wenn die Seriennummer bzw. der Herstellungscode ver\u00e4ndert, unkenntlich gemacht oder entfernt wurde. EGO garantiert die kostenlose Nachbesserung bzw. Umtausch. Dies sind die einzigen Garantieanspru\u0308che, weitergehende Kosten wie Montage, Transport etc. werden nicht u\u0308bernommen.<\/p>\n<p><strong>Voraussetzungen fu\u0308r die Inanspruchnahme der Garantie:<\/strong><\/p>\n<p>EGO gew\u00e4hrt diese Garantie nur unter der Bedingung, dass die folgenden Voraussetzungen erfu\u0308llt sind:<\/p>\n<p>\u2022 Das zu beanstandende Produkt wird zusammen mit einem Foto des Fahrzeugs mit allen Anbauteilen, einer Fehlerbeschreibung und der Rechnungskopie frei zuru\u0308ckgesandt.<\/p>\n<p>\u2022 Unfreie Sendungen k\u00f6nnen von EGO nicht entgegengenommen werden. Anfallende Versandkosten werden von EGO nicht u\u0308bernommen.<\/p>\n<p>\u2022 Ob das zu beanstandende Produkt einzeln oder auf das Fahrzeug montiert zuru\u0308ck gesandt wird, muss explizit mit EGO abgestimmt werden.<\/p>\n<p>\u2022 Das Produkt wurde gem\u00e4\u00df seiner Auslegung sachgerecht verwendet und gem\u00e4\u00df der Montageanleitung montiert und gewartet.<\/p>\n<p>\u2022 Die verwendeten Komponenten entsprechen der Originalkonfiguration oder wurden ausdru\u0308cklich und schriftlich von EGO zum Betrieb<\/p>\n<p>als geeignet beurteilt. (Dies gilt auch fu\u0308r Verschlei\u00dfteile und Schmierstoffe).<\/p>\n<p>\u2022 Falls andere Komponenten, als ausdru\u0308cklich von EGO empfohlen, verbaut werden, ist die gleichwertige Funktion, Kompatibilit\u00e4t und<\/p>\n<p>Betriebssicherheit vom Kunden zu beweisen (ggfs. unter Heranziehung des jeweiligen Monteurs dieser Komponenten).<\/p>\n<p>\u2022 Alle Reparaturen am Produkt wurden von einer qualifizierten Fachkraft durchgefu\u0308hrt.<\/p>\n<p>\u2022 Es wurden keine technischen Ver\u00e4nderungen an dem Produkt vorgenommen.<\/p>\n<p>\u2022 Der sachgem\u00e4\u00dfe Einsatz des jeweiligen EGO-Kits ist in jedem Fall zu beachten. Sch\u00e4den, die eindeutig oder verdeckt aus einem<\/p>\n<p>unsachgem\u00e4\u00dfen Einsatz entstanden sind, bewirken einen Garantieausschluss.<\/p>\n<p>\u2022 EGO beh\u00e4lt sich vor, defekte Elemente zu reparieren oder durch ein entsprechendes Nachfolgemodell zu ersetzen oder fu\u0308r gleichwertigen Ersatz zu sorgen.<\/p>\n<p>Insbesondere in den folgenden F\u00e4llen ist ein Anspruch des Kunden aus der Garantie jedenfalls ausgeschlossen:<\/p>\n<p>\u2022 Einsatz von Hochdruckreinigern oder scharfen Reinigungsmitteln, die Lager oder Dichtungen angegriffen haben.<\/p>\n<p>\u2022 Folgesch\u00e4den, die sich durch einen fortdauernden Betrieb eines EGO-Kits mit falsch eingestellten, defekten oder ausgeschlagen<\/p>\n<p>Lagern oder defekten Federelementen ergeben.<\/p>\n<p>\u2022 Sch\u00e4den aufgrund mangelnder Pflege und\/oder falscher Lagerung des Produktes (insbesondere durch Korrosion).<\/p>\n<p>\u2022 Wenn die Pulverbeschichtung in Bereichen besch\u00e4digt wird, an denen andere Anbauteile montiert werden (nicht zugesicherte Eigenschaft).<\/p>\n<p><strong>11. Hinweis fu\u0308r die Zulassung zur Benu\u0308tzung auf Stra\u00dfen mit \u00f6ffentlichem Verkehr<\/strong><\/p>\n<p>EGO liefert nur die Antriebe (EGO-Kits). Die Montage der EGO-Kits auf Fahrr\u00e4dern erfolgt durch Dritte. In den meisten L\u00e4ndern du\u0308rfen Fahrr\u00e4der nur dann auf Stra\u00dfen mit \u00f6ffentlichem Verkehr verwendet werden, wenn aufgrund der Bauart gew\u00e4hrleistet ist, dass eine bestimmte Bauartgeschwindigkeit und eine bestimmte Leistung oder Nenndauerleistung nicht u\u0308berschritten wird. Da die Bauartgeschwindigkeit ein Ergebnis aus der Kombination des individuellen Fahrrads (insbesondere Raddurchmesser, \u00dcbersetzung, etc), der EGO-Kits und allenfalls auch der Montage bzw. Montageart darstellt, kann EGO nicht mit Sicherheit gew\u00e4hrleisten, dass Fahrr\u00e4der, die mit bestimmten Typen von EGO-Kits ausgestattet werden, in jedem Fall eine bestimmte Bauartgeschwindigkeit nicht u\u0308berschreiten k\u00f6nnen. Daher liegt es in der Verantwortung jener Personen, die ein Fahrrad mit montiertem EGO-Kit verwenden, die jeweiligen nationalen verkehrsrechtlichen und sonstigen anwendbaren Vorschriften einzuhalten. Da straf-, verwaltungs- und zivilrechtliche Sanktionen (insbesondere Haftungen aus Schadenersatz) auch fu\u0308r Monteure von EGO-Kits sowie fu\u0308r H\u00e4ndler von Fahrr\u00e4dern mit montierten EGO-Kits nicht in allen Jurisdiktionen mit Sicherheit ausgeschlossen werden k\u00f6nnen, wird allen Monteuren und H\u00e4ndlern dringend empfohlen, ihre Kunden nachweislich ausdru\u0308cklich darauf hinzuweisen, wenn Fahrr\u00e4der mit montierten EGO-Kits nach den jeweiligen nationalen Normen nicht stra\u00dfentauglich sind bzw. ihre Kunden nachweislich auf die Voraussetzungen hinzuweisen, die von ihnen einzuhalten sind, unter denen die mit EGO-Kits ausgestatteten Fahrr\u00e4der nach den anwendbaren nationalen Vorschriften im Verkehr auf \u00f6ffentlichen Stra\u00dfen verwendet werden du\u0308rfen.<\/p>\n<p>Werden Fahrr\u00e4der mit EGO-Kits montiert ausgeliefert, \u00fcbernimmt EGO keine Haftung f\u00fcr den Betrieb auf \u00f6ffentlichen Stra\u00dfen f\u00fcr den Fall dass diese nicht der STVZO entsprechen. Es wird explizit darauf hingewiesen dass Fahrr\u00e4der mit EGO-Kits nur f\u00fcr die Verwendung auf privatem Gel\u00e4nde bestimmt sind. Durch Montage eines EGO-Kits ist davon auszugehen, dass die Gew\u00e4hrleistung\/Garantie des Fahrrad-Herstellers erlischt. Durch die Verwendung eines Fahrrades mit EGO-Kit Motor wird das Fahrrad \u00fcberm\u00e4\u00dfig belastet. Verschlei\u00df und Materialbelastung sind erh\u00f6ht, EGO \u00fcbernimmt keine Haftung f\u00fcr Defekte die dadurch am Fahrrad auftreten.<\/p>\n<p>&nbsp;<\/p>\n<p>&nbsp;<\/p>\n<\/div><div class=\"section-text text-block align-left\" ><div class=\"std\">\n<div class=\"col-md-12\">\n<p style=\"text-align: left\"><a href=\"https:\/\/www.ego-kits.com\/wp-content\/uploads\/AGB-EGO-Sports.pdf\">AGB Deutsch (PDF, 373,5 kB)<\/a><\/p>\n<\/div>\n<\/div>\n<\/div><\/div><\/div><\/section>\n","protected":false},"excerpt":{"rendered":"A Deal is a Deal.F\u00fcr ein faires Gesch\u00e4ft stehen hier die allgemeinen Gesch\u00e4ftsbedingungen bereit um in Ruhe zu Gem\u00fcte gef\u00fchrt zu werden. Allgemeine Geschaftsbedigungen der Firma: Mario Preining - EGO Sports, Gerstnerstr. 4, 4040 Linz \/ Austria (nachstehend \u201eEGO\u201c) &nbsp; 1. Allgemeines Die Firma Mario Preining - EGO Sports mit dem Sitz in Linz und","protected":false},"author":2,"featured_media":0,"parent":0,"menu_order":0,"comment_status":"closed","ping_status":"closed","template":"","meta":{"footnotes":""},"class_list":["post-3155","page","type-page","status-publish","hentry"],"_links":{"self":[{"href":"https:\/\/www.ego-kits.com\/en\/wp-json\/wp\/v2\/pages\/3155","targetHints":{"allow":["GET"]}}],"collection":[{"href":"https:\/\/www.ego-kits.com\/en\/wp-json\/wp\/v2\/pages"}],"about":[{"href":"https:\/\/www.ego-kits.com\/en\/wp-json\/wp\/v2\/types\/page"}],"author":[{"embeddable":true,"href":"https:\/\/www.ego-kits.com\/en\/wp-json\/wp\/v2\/users\/2"}],"replies":[{"embeddable":true,"href":"https:\/\/www.ego-kits.com\/en\/wp-json\/wp\/v2\/comments?post=3155"}],"version-history":[{"count":3,"href":"https:\/\/www.ego-kits.com\/en\/wp-json\/wp\/v2\/pages\/3155\/revisions"}],"predecessor-version":[{"id":12428,"href":"https:\/\/www.ego-kits.com\/en\/wp-json\/wp\/v2\/pages\/3155\/revisions\/12428"}],"wp:attachment":[{"href":"https:\/\/www.ego-kits.com\/en\/wp-json\/wp\/v2\/media?parent=3155"}],"curies":[{"name":"wp","href":"https:\/\/api.w.org\/{rel}","templated":true}]}}