{"id":3146,"date":"2015-09-24T09:09:42","date_gmt":"2015-09-24T09:09:42","guid":{"rendered":"http:\/\/www.ego-kits.com\/?page_id=3146"},"modified":"2018-03-16T13:54:57","modified_gmt":"2018-03-16T12:54:57","slug":"bike-match","status":"publish","type":"page","link":"https:\/\/www.ego-kits.com\/en\/bike-match\/","title":{"rendered":"Bike Match"},"content":{"rendered":"<section  class=\"content-section full-width with-col cover custom-padding rella-no-margin    content-section-69e144d42b878\"><div class=\"row vc_row-fluid\"><div class=\"wpb_column col-md-12 align-center\"><div class=\"section-text text-block align-center\" style=\"color:#000000;font-size:22px;\"><p style=\"text-align: center\">If you want to know whether the EGO-\u00adKit will fit your bike, please fill out the form below with as much information as possible:<br \/>\nBrand, model, year of construction and ideally a link to the specific bike you have. From there, we can evaluate the possibilities for adding a motor to your bike.<\/p>\n<p style=\"text-align: center\">In the meantime please check <a href=\"https:\/\/www.ego-kits.com\/en\/downloads\/\">downloads<\/a> for instructions on measuring your own bike.<\/p>\n<\/div><\/div><\/div><\/section><section  class=\"content-section full-width with-col cover rella-no-padding rella-no-margin    content-section-69e144d42bb85\"><div class=\"row vc_row-fluid\"><div class=\"wpb_column col-md-12\"><div  class=\"rs-contact-form\"><div role=\"form\" class=\"wpcf7\" id=\"wpcf7-f6125-o1\" lang=\"en-US\" dir=\"ltr\">\n<div class=\"screen-reader-response\"><\/div>\n<form action=\"\/en\/wp-json\/wp\/v2\/pages\/3146#wpcf7-f6125-o1\" method=\"post\" class=\"wpcf7-form\" novalidate=\"novalidate\">\n<div style=\"display: none;\">\n<input type=\"hidden\" name=\"_wpcf7\" value=\"6125\" \/>\n<input type=\"hidden\" name=\"_wpcf7_version\" value=\"5.1.3\" \/>\n<input type=\"hidden\" name=\"_wpcf7_locale\" value=\"en_US\" \/>\n<input type=\"hidden\" name=\"_wpcf7_unit_tag\" value=\"wpcf7-f6125-o1\" \/>\n<input type=\"hidden\" name=\"_wpcf7_container_post\" value=\"0\" \/>\n<\/div>\n<p class=\"cf-left-col\"><span class=\"wpcf7-form-control-wrap EGO-Kit\"><select name=\"EGO-Kit\" class=\"wpcf7-form-control wpcf7-select wpcf7-validates-as-required\" aria-required=\"true\" aria-invalid=\"false\"><option value=\"Master EGO\">Master EGO<\/option><option value=\"Double EGO\">Double EGO<\/option><option value=\"Rocker EGO\">Rocker EGO<\/option><\/select><\/span><span class=\"wpcf7-form-control-wrap Bike\"><input type=\"text\" name=\"Bike\" value=\"\" size=\"40\" class=\"wpcf7-form-control wpcf7-text wpcf7-validates-as-required\" aria-required=\"true\" aria-invalid=\"false\" placeholder=\"Bike Brand\" \/><\/span><span class=\"wpcf7-form-control-wrap Model\"><input type=\"text\" name=\"Model\" value=\"\" size=\"40\" class=\"wpcf7-form-control wpcf7-text wpcf7-validates-as-required\" aria-required=\"true\" aria-invalid=\"false\" placeholder=\"Model\" \/><\/span><span class=\"wpcf7-form-control-wrap Modelyear\"><input type=\"text\" name=\"Modelyear\" value=\"\" size=\"40\" class=\"wpcf7-form-control wpcf7-text wpcf7-validates-as-required\" aria-required=\"true\" aria-invalid=\"false\" placeholder=\"Modelyear\" \/><\/span><span class=\"wpcf7-form-control-wrap Bottombraket\"><select name=\"Bottombraket\" class=\"wpcf7-form-control wpcf7-select wpcf7-validates-as-required\" aria-required=\"true\" aria-invalid=\"false\"><option value=\"Bottombraket 68\/73\">Bottombraket 68\/73<\/option><option value=\"Bottombraket 83\">Bottombraket 83<\/option><option value=\"Bottombraket 100\">Bottombraket 100<\/option><option value=\"Bottombraket BB92\">Bottombraket BB92<\/option><option value=\"Bottombraket BB107\">Bottombraket BB107<\/option><option value=\"Bottombraket PF30\">Bottombraket PF30<\/option><option value=\"Bottombraket BB30\">Bottombraket BB30<\/option><\/select><\/span><span class=\"wpcf7-form-control-wrap ISCG\"><select name=\"ISCG\" class=\"wpcf7-form-control wpcf7-select wpcf7-validates-as-required\" aria-required=\"true\" aria-invalid=\"false\"><option value=\"No ISCG\">No ISCG<\/option><option value=\"ISCG 03 (old)\">ISCG 03 (old)<\/option><option value=\"ISCG 05\">ISCG 05<\/option><\/select><\/span><\/p>\n<p class=\"cf-right-col\"><span class=\"wpcf7-form-control-wrap Name\"><input type=\"text\" name=\"Name\" value=\"\" size=\"40\" class=\"wpcf7-form-control wpcf7-text wpcf7-validates-as-required\" aria-required=\"true\" aria-invalid=\"false\" placeholder=\"Name\" \/><\/span><span class=\"wpcf7-form-control-wrap Email\"><input type=\"email\" name=\"Email\" value=\"\" size=\"40\" class=\"wpcf7-form-control wpcf7-text wpcf7-email wpcf7-validates-as-required wpcf7-validates-as-email\" aria-required=\"true\" aria-invalid=\"false\" placeholder=\"Email\" \/><\/span><span class=\"wpcf7-form-control-wrap Phone\"><input type=\"text\" name=\"Phone\" value=\"\" size=\"40\" class=\"wpcf7-form-control wpcf7-text wpcf7-validates-as-required\" aria-required=\"true\" aria-invalid=\"false\" placeholder=\"Phone\" \/><\/span><span class=\"wpcf7-form-control-wrap Subject\"><select name=\"Subject\" class=\"wpcf7-form-control wpcf7-select wpcf7-validates-as-required\" aria-required=\"true\" aria-invalid=\"false\"><option value=\"Bike Compatability\">Bike Compatability<\/option><\/select><\/span><span class=\"wpcf7-form-control-wrap Message\"><textarea name=\"Message\" cols=\"40\" rows=\"10\" class=\"wpcf7-form-control wpcf7-textarea wpcf7-validates-as-required\" aria-required=\"true\" aria-invalid=\"false\" placeholder=\"Message\"><\/textarea><\/span><\/p>\n<p><input type=\"submit\" value=\"Submit\" class=\"wpcf7-form-control wpcf7-submit\" \/><\/p>\n<div class=\"wpcf7-response-output wpcf7-display-none\"><\/div><\/form><\/div><div class=\"form-tip pt-10\"><i class=\"fa fa-info-circle\"><\/i> All the fields are required!<\/div><\/div><\/div><\/div><\/section><section  class=\"content-section full-width is-fluid cover rella-no-padding rella-no-margin    content-section-69e144d42cae6\"><div class=\"row vc_row-fluid\"><div class=\"wpb_column col-md-12\"><hr  class=\"ts-divider\" style=\"margin-top:75px;margin-bottom:75px;\"><\/div><\/div><\/section><section  class=\"content-section full-width with-col cover rella-no-padding custom-margin    content-section-69e144d42cc82\"><div class=\"row vc_row-fluid\"><div class=\"wpb_column col-md-12\"><h2  class=\"section-title  mb-70 mb-sm-40 font-alt align-center\" >SUPPORT<\/h2><\/div><div class=\"wpb_column col-md-2\"><\/div><div class=\"wpb_column col-md-8\"><section  class=\"content-section full-width with-col cover rella-no-padding rella-no-margin    content-section-69e144d42cf28\"><div class=\"row vc_row-fluid\"><div class=\"wpb_column col-md-4 col-sm-6\"><div class=\"pt-20 pb-20 pb-xs-0\" ><div class=\"contact-item\"><div class=\"ci-icon \" ><i class=\"fa fa-phone\"><\/i><\/div><div class=\"ci-title font-alt\" >CALL US<\/div><div class=\"ci-text\" style=\"font-size:15px;\">+43 650 4442834<br \/>\n+43 699 11097968<\/div><\/div><\/div><\/div><div class=\"wpb_column col-md-4 col-sm-6\"><div class=\"pt-20 pb-20 pb-xs-0\" ><div class=\"contact-item\"><div class=\"ci-icon \" ><i class=\"fa fa-map-marker\"><\/i><\/div><div class=\"ci-title font-alt\" style=\"font-size:12px;\">ADDRESS<\/div><div class=\"ci-text\" style=\"font-size:15px;\">Siebenst\u00e4dterstr. 49<br \/>\n5020 Salzburg, Austria<br \/>\n(Entrance Fasaneriestrasse)<\/div><\/div><\/div><\/div><div class=\"wpb_column col-md-4 col-sm-6\"><div class=\"pt-20 pb-20 pb-xs-0\" ><div class=\"contact-item\"><div class=\"ci-icon \" ><i class=\"fa fa-envelope\"><\/i><\/div><div class=\"ci-title font-alt\" >EMAIL <\/div><div class=\"ci-text\" style=\"font-size:15px;\"><a href=\"https:\/\/www.ego-kits.com\/kontakt\/\">info@ego-kits.com<\/a><\/div><\/div><\/div><\/div><\/div><\/section><\/div><div class=\"wpb_column col-md-2\"><\/div><\/div><\/section>\n","protected":false},"excerpt":{"rendered":"{:de}Wenn Du wissen m\u00f6chtest, ob der EGO-Kit zu Deinem Bike passt, gib uns dar\u00fcber bitte folgende Informationen: Hersteller, Modell und Baujahr, Tretlagergeh\u00e4usebreite und idealerweise auch ein Link zu einem Foto im Netz. Dann k\u00f6nnen Wir Dir sagen ob dein Bike ein neues EGO vertr\u00e4gt! Hier kannst du schon mal selber checken !\u00a0 Downloads Master EGODouble","protected":false},"author":2,"featured_media":0,"parent":0,"menu_order":0,"comment_status":"closed","ping_status":"closed","template":"","meta":{"footnotes":""},"class_list":["post-3146","page","type-page","status-publish","hentry"],"_links":{"self":[{"href":"https:\/\/www.ego-kits.com\/en\/wp-json\/wp\/v2\/pages\/3146","targetHints":{"allow":["GET"]}}],"collection":[{"href":"https:\/\/www.ego-kits.com\/en\/wp-json\/wp\/v2\/pages"}],"about":[{"href":"https:\/\/www.ego-kits.com\/en\/wp-json\/wp\/v2\/types\/page"}],"author":[{"embeddable":true,"href":"https:\/\/www.ego-kits.com\/en\/wp-json\/wp\/v2\/users\/2"}],"replies":[{"embeddable":true,"href":"https:\/\/www.ego-kits.com\/en\/wp-json\/wp\/v2\/comments?post=3146"}],"version-history":[{"count":0,"href":"https:\/\/www.ego-kits.com\/en\/wp-json\/wp\/v2\/pages\/3146\/revisions"}],"wp:attachment":[{"href":"https:\/\/www.ego-kits.com\/en\/wp-json\/wp\/v2\/media?parent=3146"}],"curies":[{"name":"wp","href":"https:\/\/api.w.org\/{rel}","templated":true}]}}