{"id":2939,"date":"2015-09-18T22:38:01","date_gmt":"2015-09-18T22:38:01","guid":{"rendered":"http:\/\/www.ego-kits.com\/?page_id=2939"},"modified":"2018-03-22T16:40:29","modified_gmt":"2018-03-22T15:40:29","slug":"ego-lab","status":"publish","type":"page","link":"https:\/\/www.ego-kits.com\/en\/produkte\/ego-works\/ego-lab\/","title":{"rendered":"EGO Lab"},"content":{"rendered":"<section  class=\"content-section full-width is-fluid cover rella-no-padding rella-no-margin    content-section-69e7bdf94d974\"><div class=\"row vc_row-fluid\"><div class=\"wpb_column col-md-12\"><section  class=\"home-section  parallax-2\"  data-background=https:\/\/www.ego-kits.com\/wp-content\/uploads\/EGO-Labs-1920x1208-dark.jpg id=\"home\"><div class=\"js-height-full container\"><div class=\"home-content\"><div class=\"home-text\"><h1 class=\"hs-line-11 no-transp font-alt mb-50 mb-xs-30\" style=\"color:#e2ff0f;\"> EGO Lab<\/h1><h2 class=\"hs-line-11 font-alt mb-50 mb-xs-30\" style=\"color:#e2ff0f;\">Work with us.<\/h2><\/div><\/div><div class=\"local-scroll\"><a href=\"#\" title=\"button\" target=\"_self\" class=\"scroll-down \"><i class=\"fa fa-angle-down scroll-down-icon\"><\/i><\/a><\/div><\/div><\/section><\/div><\/div><\/section><section  class=\"content-section full-width with-col cover custom-padding rella-no-margin    content-section-69e7bdf94e1e1\"><div class=\"row vc_row-fluid\"><div class=\"wpb_column col-md-12\"><blockquote class=\"mb-0 \" ><div ><p>We\u2019re always striving for a better integration for our products, and here we present the next step in the EGO-lution of our product. Ready for market soon, we\u2019ve integrated the usually external box into the shell of the motor, streamlining the design and providing a longer lasting and more durable product to the end user.<\/p>\n<\/div><\/blockquote><\/div><\/div><\/section><section  class=\"content-section full-width is-fluid cover rella-no-padding rella-no-margin    content-section-69e7bdf94e34d\"><div class=\"row vc_row-fluid\"><div class=\"wpb_column col-md-12\"><div  class=\"full-block align-center\" ><a href=\"https:\/\/www.ego-kits.com\/wp-content\/uploads\/2018\/03\/5DM36163.jpg\" class=\"lightbox-gallery-2 mfp-image\"><img loading=\"lazy\" decoding=\"async\"  src=\"https:\/\/www.ego-kits.com\/wp-content\/uploads\/2018\/03\/5DM36163.jpg\"  width=\"2000\" height=\"1333\" alt=\"\" \/><\/a><\/div><div class=\" image-carousel bg-dark \"  ><div><div class=\"post-prev-img mb-0\"><a href=\"https:\/\/www.ego-kits.com\/wp-content\/uploads\/2018\/03\/5DM36160.jpg\" class=\"lightbox-gallery-2 mfp-image\"><img decoding=\"async\" src=\"https:\/\/www.ego-kits.com\/wp-content\/uploads\/2018\/03\/5DM36160.jpg\" alt=\"\" \/><\/a><\/div><\/div><div><div class=\"post-prev-img mb-0\"><a href=\"https:\/\/www.ego-kits.com\/wp-content\/uploads\/2018\/03\/5DM36172.jpg\" class=\"lightbox-gallery-2 mfp-image\"><img decoding=\"async\" src=\"https:\/\/www.ego-kits.com\/wp-content\/uploads\/2018\/03\/5DM36172.jpg\" alt=\"\" \/><\/a><\/div><\/div><div><div class=\"post-prev-img mb-0\"><a href=\"https:\/\/www.ego-kits.com\/wp-content\/uploads\/2018\/03\/5DM36176.jpg\" class=\"lightbox-gallery-2 mfp-image\"><img decoding=\"async\" src=\"https:\/\/www.ego-kits.com\/wp-content\/uploads\/2018\/03\/5DM36176.jpg\" alt=\"\" \/><\/a><\/div><\/div><div><div class=\"post-prev-img mb-0\"><a href=\"https:\/\/www.ego-kits.com\/wp-content\/uploads\/2018\/03\/5DM36183.jpg\" class=\"lightbox-gallery-2 mfp-image\"><img decoding=\"async\" src=\"https:\/\/www.ego-kits.com\/wp-content\/uploads\/2018\/03\/5DM36183.jpg\" alt=\"\" \/><\/a><\/div><\/div><div><div class=\"post-prev-img mb-0\"><a href=\"https:\/\/www.ego-kits.com\/wp-content\/uploads\/2018\/03\/5DM36189.jpg\" class=\"lightbox-gallery-2 mfp-image\"><img decoding=\"async\" src=\"https:\/\/www.ego-kits.com\/wp-content\/uploads\/2018\/03\/5DM36189.jpg\" alt=\"\" \/><\/a><\/div><\/div><\/div><\/div><\/div><\/section><section  class=\"content-section full-width with-col cover custom-padding rella-no-margin    content-section-69e7bdf94f8c2\"><div class=\"row vc_row-fluid\"><div class=\"wpb_column col-md-12\"><blockquote class=\"mb-0 \" ><div ><p>Do you produce bikes, frames or anything else that could be electrified? EGO-Kits is a modular system that can be easily adapted or integrated and made to fit even the most unusual frame designs. Using 3D \u2013 Auto CAD development and prototype construction we can find the best place to install the parts and connect your frame design to an EGO. There isn&#8217;t much we can&#8217;t electrify!<\/p>\n<\/div><\/blockquote><\/div><\/div><\/section><section  class=\"content-section full-width is-fluid cover rella-no-padding rella-no-margin    content-section-69e7bdf94f9e6\"><div class=\"row vc_row-fluid\"><div class=\"wpb_column col-md-12\"><div  class=\"full-block align-center\" ><a href=\"https:\/\/www.ego-kits.com\/wp-content\/uploads\/Custom_MSC_r.jpg\" class=\"lightbox-gallery-2 mfp-image\"><img loading=\"lazy\" decoding=\"async\"  src=\"https:\/\/www.ego-kits.com\/wp-content\/uploads\/Custom_MSC_r.jpg\"  width=\"1920\" height=\"1080\" alt=\"\" \/><\/a><\/div><div class=\" image-carousel bg-dark \"  ><div><div class=\"post-prev-img mb-0\"><a href=\"https:\/\/www.ego-kits.com\/wp-content\/uploads\/Custom_MSC_l.jpg\" class=\"lightbox-gallery-2 mfp-image\"><img decoding=\"async\" src=\"https:\/\/www.ego-kits.com\/wp-content\/uploads\/Custom_MSC_l.jpg\" alt=\"\" \/><\/a><\/div><\/div><div><div class=\"post-prev-img mb-0\"><a href=\"https:\/\/www.ego-kits.com\/wp-content\/uploads\/Custom_MSC_0003.jpg\" class=\"lightbox-gallery-2 mfp-image\"><img decoding=\"async\" src=\"https:\/\/www.ego-kits.com\/wp-content\/uploads\/Custom_MSC_0003.jpg\" alt=\"\" \/><\/a><\/div><\/div><div><div class=\"post-prev-img mb-0\"><a href=\"https:\/\/www.ego-kits.com\/wp-content\/uploads\/Custom_MSC_0002.jpg\" class=\"lightbox-gallery-2 mfp-image\"><img decoding=\"async\" src=\"https:\/\/www.ego-kits.com\/wp-content\/uploads\/Custom_MSC_0002.jpg\" alt=\"\" \/><\/a><\/div><\/div><div><div class=\"post-prev-img mb-0\"><a href=\"https:\/\/www.ego-kits.com\/wp-content\/uploads\/Custom_MSC_0001.jpg\" class=\"lightbox-gallery-2 mfp-image\"><img decoding=\"async\" src=\"https:\/\/www.ego-kits.com\/wp-content\/uploads\/Custom_MSC_0001.jpg\" alt=\"\" \/><\/a><\/div><\/div><div><div class=\"post-prev-img mb-0\"><a href=\"https:\/\/www.ego-kits.com\/wp-content\/uploads\/Custom_MSC_0000.jpg\" class=\"lightbox-gallery-2 mfp-image\"><img decoding=\"async\" src=\"https:\/\/www.ego-kits.com\/wp-content\/uploads\/Custom_MSC_0000.jpg\" alt=\"\" \/><\/a><\/div><\/div><\/div><\/div><\/div><\/section><section  class=\"content-section full-width with-col cover rella-no-padding custom-margin    content-section-69e7bdf9510b7\"><div class=\"row vc_row-fluid\"><div class=\"wpb_column col-md-12\"><h2  class=\"section-title  mb-70 mb-sm-40 font-alt align-center\" style=\"font-size:30px;margin-bottom:0px;\">WHY EGO-KITS?<\/h2><\/div><div class=\"wpb_column col-md-4 col-sm-6\"><div  class=\"alt-features-item align-center\"><div class=\"alt-features-icon\" ><span class=\"icon-bike\"><\/span><\/div><h3 class=\"alt-features-title font-alt\" style=\"font-size:17px;\">FLEXIBLE MOUNTING SYSTEMS<\/h3><div class=\"alt-features-descr align-left\" >Kits can be mounted onto almost any frame by means of various support systems \/ adapters, meaning custom e-bike solutions can be realized. Whether you desire the built-in down-tube integrated DoubleEGO or the RockerEGO mounted directly to the rocker pivots, almost anything is possible!<\/div><\/div><\/div><div class=\"wpb_column col-md-4 col-sm-6\"><div  class=\"alt-features-item align-center\"><div class=\"alt-features-icon\" ><span class=\"icon-gears\"><\/span><\/div><h3 class=\"alt-features-title font-alt\" style=\"font-size:17px;\">SYSTEM SOLUTIONS<\/h3><div class=\"alt-features-descr align-left\" >It&#8217;s not just a mountable motor, we can also integrate EGO Kits into any existing frame design, using our expertise to engineer and fabricate the necessary parts.<\/div><\/div><\/div><div class=\"wpb_column col-md-4 col-sm-6\"><div  class=\"alt-features-item align-center\"><div class=\"alt-features-icon\" ><span class=\"icon-linegraph\"><\/span><\/div><h3 class=\"alt-features-title font-alt\" style=\"font-size:17px;\">BATTERY SYSTEMS<\/h3><div class=\"alt-features-descr align-left\" >Both our 48 volts and 53 volt options provide a great deal of power. For more or less range, our options include either a 12.5Ah or 17.5Ah battery. With the included fast chargers, it&#8217;ll only take 2 hours to get back in the saddle.<\/div><\/div><\/div><\/div><\/section><section  class=\"content-section full-width with-col cover custom-padding rella-no-margin    content-section-69e7bdf9513a9\"><div class=\"row vc_row-fluid\"><div class=\"wpb_column col-md-12\"><div  class=\"align-center\"><h3 class=\"banner-heading font-alt \" style=\"color:#ffffff;\">ALREADY HAVE THAT DREAM BIKE IN MIND?<\/h3><div><a href=\"http:\/\/www.ego-kits.com\/kontakt\/\" title=\"http:\/\/www.ego-kits.com\/kontakt\/\" target=\"_blank\" class=\"btn btn-mod btn-w btn-medium btn-round\">LET&#039;S TALK ABOUT IT<\/a><\/div><\/div> <\/div><\/div><\/section><section  class=\"content-section full-width with-col cover rella-no-padding rella-no-margin    content-section-69e7bdf95151b\"><div class=\"row vc_row-fluid\"><div class=\"wpb_column col-md-4\"><div  class=\"alt-features-item align-left\"><div class=\"alt-features-icon\"><img decoding=\"async\" src=\"https:\/\/www.ego-kits.com\/wp-content\/uploads\/Kona-Logo-kl.jpg\" alt=\"\" \/><\/div><h3 class=\"alt-features-title font-alt\"><\/h3><div class=\"alt-features-descr align-left\">\n\nKona is the ultimate symbol of mountain biking. Famous for its way of life and for setting the standards in freeride and downhill sports, it now presents the opportunity, with EGO-Kits, to enjoy even more freeriding with the models STAB, STINKY and OPERATOR.\n\n\nAt the ISPO Brand New Award 2011 in Munich the &#8220;empowered Konas&#8221; stole the show with the electric motor system and their own stunning self-crafted stand in order to steal the prize in the Wheeler category. In 2012 EGO-Kits were represented in the finals and as sponsors in the Brand New Village at the ISPO Bike with the electrified Kona freeride bikes\n<a href=\"https:\/\/www.konaworld.com\">www.konaworld.com<\/a>\n\n<\/div><\/div><\/div><div class=\"wpb_column col-md-4\"><div  class=\"alt-features-item align-left\"><div class=\"alt-features-icon\"><img decoding=\"async\" src=\"https:\/\/www.ego-kits.com\/wp-content\/uploads\/Kranked-Santacruz-Logo-kl.jpg\" alt=\"\" \/><\/div><h3 class=\"alt-features-title font-alt\"><\/h3><div class=\"alt-features-descr align-left\">In 1998, the film-series Kranked triggered the trend that was to become freeride. The Northshore- Trails in Canadian British Columbia that appeared in the series, set the tone for all other bike parks to match and as for the lifestyle, it\u2019s still being enjoyed to the max.\n2013 saw Kranked in cooperation with Santa Cruz and EGO, lay the path for a new vision of action in the forest.\n<a href=\"https:\/\/www.krankedbikes.com\/kustoms\">www.krankedbikes.com\/kustoms<\/a><\/div><\/div><\/div><div class=\"wpb_column col-md-4\"><div  class=\"alt-features-item align-left\"><div class=\"alt-features-icon\"><img decoding=\"async\" src=\"https:\/\/www.ego-kits.com\/wp-content\/uploads\/msc-Logo-kl.jpg\" alt=\"\" \/><\/div><h3 class=\"alt-features-title font-alt\"><\/h3><div class=\"alt-features-descr align-left\">Coming from Barcelona with a reputation for being pioneers in innovative bike manufacture, the foundations were already laid for exciting cooperation. And especially, as the boss was a successful World Cup Downhill racer. The first electrified MSC bike was the Vendetta eRide.\n<a href=\"https:\/\/www.mscbikes.com\/index.php?sec=bikes&#038;subsec=bike&#038;modelo=VENDETTA+E-RIDE#.UvAmN_l5OSo\">www.mscbikes.com<\/a>\n<a href=\"https:\/\/youtu.be\/ejEO2hocBWA\">www.youtube.com<\/a><\/div><\/div><\/div><\/div><\/section><section  class=\"content-section full-width with-col cover rella-no-padding rella-no-margin    content-section-69e7bdf952839\"><div class=\"row vc_row-fluid\"><div class=\"wpb_column col-md-4\"><div  class=\"alt-features-item align-left\"><div class=\"alt-features-icon\"><img decoding=\"async\" src=\"https:\/\/www.ego-kits.com\/wp-content\/uploads\/Rocky-Mountain-Logo-kl.jpg\" alt=\"\" \/><\/div><h3 class=\"alt-features-title font-alt\"><\/h3><div class=\"alt-features-descr align-left\"><a href=\"https:\/\/www.bikes.com\/de\">www.bikes.com\/de<\/a><\/div><\/div><\/div><div class=\"wpb_column col-md-4\"><div  class=\"alt-features-item align-left\"><div class=\"alt-features-icon\"><img decoding=\"async\" src=\"https:\/\/www.ego-kits.com\/wp-content\/uploads\/Rose-Logo-kl.jpg\" alt=\"\" \/><\/div><h3 class=\"alt-features-title font-alt\"><\/h3><div class=\"alt-features-descr align-left\"><a href=\"https:\/\/www.rosebikes.de\/\">www.rosebikes.de<\/a><\/div><\/div><\/div><div class=\"wpb_column col-md-4\"><div  class=\"alt-features-item align-left\"><div class=\"alt-features-icon\"><img decoding=\"async\" src=\"https:\/\/www.ego-kits.com\/wp-content\/uploads\/Alutec-Logo-kl.jpg\" alt=\"\" \/><\/div><h3 class=\"alt-features-title font-alt\"><\/h3><div class=\"alt-features-descr align-left\"><a href=\"https:\/\/alutech-cycles.com\/\">www.alutech-cycles.com<\/a><\/div><\/div><\/div><\/div><\/section><section  class=\"content-section full-width is-fluid cover custom-padding rella-no-margin    content-section-69e7bdf953252\"><div class=\"row vc_row-fluid\"><div class=\"wpb_column col-md-12\"><hr  class=\"ts-divider\" style=\"margin-top:75px;margin-bottom:0px;\"><\/div><\/div><\/section><section  class=\"content-section full-width with-col cover custom-padding rella-no-margin    content-section-69e7bdf953373\"><div class=\"row vc_row-fluid\"><div class=\"wpb_column col-md-12\"><h2  class=\"section-title  mb-70 mb-sm-40 font-alt align-center\" >CONTACT US<\/h2><\/div><div class=\"wpb_column col-md-2\"><\/div><div class=\"wpb_column col-md-8\"><section  class=\"content-section full-width with-col cover rella-no-padding rella-no-margin    content-section-69e7bdf953573\"><div class=\"row vc_row-fluid\"><div class=\"wpb_column col-md-4 col-sm-6\"><div class=\"pt-20 pb-20 pb-xs-0\" ><div class=\"contact-item\"><div class=\"ci-icon \" ><i class=\"fa fa-phone\"><\/i><\/div><div class=\"ci-title font-alt\" >PHONE<\/div><div class=\"ci-text\" style=\"font-size:15px;\">+43 622 528 725<\/div><\/div><\/div><\/div><div class=\"wpb_column col-md-4 col-sm-6\"><div class=\"pt-20 pb-20 pb-xs-0\" ><div class=\"contact-item\"><div class=\"ci-icon \" ><i class=\"fa fa-map-marker\"><\/i><\/div><div class=\"ci-title font-alt\" style=\"font-size:12px;\">ADRESS<\/div><div class=\"ci-text\" style=\"font-size:15px;\">Siebenst\u00e4dterstr. 49<br \/>\n5020 Salzburg, Austria<\/div><\/div><\/div><\/div><div class=\"wpb_column col-md-4 col-sm-6\"><div class=\"pt-20 pb-20 pb-xs-0\" ><div class=\"contact-item\"><div class=\"ci-icon \" ><i class=\"fa fa-envelope\"><\/i><\/div><div class=\"ci-title font-alt\" >EMAIL <\/div><div class=\"ci-text\" style=\"font-size:15px;\"><a href=\"https:\/\/www.ego-kits.com\/kontakt\/\">info@ego-kits.com<\/a><\/div><\/div><\/div><\/div><\/div><\/section><\/div><div class=\"wpb_column col-md-2\"><\/div><\/div><\/section>\n","protected":false},"excerpt":{"rendered":"{:de} EGO LabArbeite mit uns!Wir bem\u00fchen uns stets unsere Produkte immer weiter zu verbessern und wollen euch hier den n\u00e4chsten Schritt dieser EGO-lution pr\u00e4sentieren. Das neue Design des EGO-kit\u00a0ist jetzt schlanker, da der EGO-Antrieb nun im\u00a0Motorgeh\u00e4use steckt. Dadurch wird das neue EGO-kit langlebiger und wiederstandsf\u00e4higer. Bald ist es f\u00fcr euch erh\u00e4ltlich und ihr k\u00f6nnt euch","protected":false},"author":2,"featured_media":0,"parent":3539,"menu_order":0,"comment_status":"closed","ping_status":"closed","template":"","meta":{"footnotes":""},"class_list":["post-2939","page","type-page","status-publish","hentry"],"_links":{"self":[{"href":"https:\/\/www.ego-kits.com\/en\/wp-json\/wp\/v2\/pages\/2939","targetHints":{"allow":["GET"]}}],"collection":[{"href":"https:\/\/www.ego-kits.com\/en\/wp-json\/wp\/v2\/pages"}],"about":[{"href":"https:\/\/www.ego-kits.com\/en\/wp-json\/wp\/v2\/types\/page"}],"author":[{"embeddable":true,"href":"https:\/\/www.ego-kits.com\/en\/wp-json\/wp\/v2\/users\/2"}],"replies":[{"embeddable":true,"href":"https:\/\/www.ego-kits.com\/en\/wp-json\/wp\/v2\/comments?post=2939"}],"version-history":[{"count":0,"href":"https:\/\/www.ego-kits.com\/en\/wp-json\/wp\/v2\/pages\/2939\/revisions"}],"up":[{"embeddable":true,"href":"https:\/\/www.ego-kits.com\/en\/wp-json\/wp\/v2\/pages\/3539"}],"wp:attachment":[{"href":"https:\/\/www.ego-kits.com\/en\/wp-json\/wp\/v2\/media?parent=2939"}],"curies":[{"name":"wp","href":"https:\/\/api.w.org\/{rel}","templated":true}]}}