{"id":2888,"date":"2015-09-18T18:51:49","date_gmt":"2015-09-18T18:51:49","guid":{"rendered":"http:\/\/www.ego-kits.com\/?page_id=2888"},"modified":"2018-03-15T13:51:36","modified_gmt":"2018-03-15T12:51:36","slug":"produkte","status":"publish","type":"page","link":"https:\/\/www.ego-kits.com\/en\/produkte\/","title":{"rendered":"Produkte"},"content":{"rendered":"<section  class=\"content-section full-width is-fluid cover rella-no-padding rella-no-margin    content-section-6a072828d7bf4\" data-background=https:\/\/www.ego-kits.com\/wp-content\/uploads\/EGO-Kits-1920x748-.jpg><div class=\"row vc_row-fluid\"><div class=\"wpb_column col-md-12 align-center\"><section  class=\"home-section bg-dark-alfa-30 parallax-2\"  id=\"home\"><div class=\"js-height-full container\"><div class=\"home-content\"><div class=\"home-text\"><h1 class=\"hs-line-11 no-transp font-alt mb-50 mb-xs-30\" style=\"color:#e2ff0f;\">EGO Kits<\/h1><h2 class=\"hs-line-11 font-alt mb-50 mb-xs-30\" style=\"color:#e2ff0f;\">Electric Power Systems for your Bike.<\/h2><div class=\"local-scroll\"><span class=\"hidden-xs\">&nbsp;&nbsp;<\/span><a href=\"http:\/\/www.ego-kits.com\/produkte\/ego-kits\/\" title=\"button\" target=\"_self\" class=\"btn btn-mod btn-border-w btn-medium btn-suqare \">Details<\/a><\/div><\/div><\/div><div class=\"local-scroll\"><a href=\"#\" title=\"button\" target=\"_self\" class=\"scroll-down \"><i class=\"fa fa-angle-down scroll-down-icon\"><\/i><\/a><\/div><\/div><\/section><\/div><\/div><\/section><section  class=\"content-section full-width is-fluid cover rella-no-padding rella-no-margin    content-section-6a072828d8281\" data-background=https:\/\/www.ego-kits.com\/wp-content\/uploads\/ego_bikes2-1.jpg><div class=\"row vc_row-fluid\"><div class=\"wpb_column col-md-12\"><section  class=\"home-section bg-dark-alfa-50 parallax-2\"  id=\"home\"><div class=\"js-height-full container\"><div class=\"home-content\"><div class=\"home-text\"><h1 class=\"hs-line-11 no-transp font-alt mb-50 mb-xs-30\" style=\"color:#e2ff0f;\">EGO Bikes<\/h1><h2 class=\"hs-line-11 font-alt mb-50 mb-xs-30\" style=\"color:#e2ff0f;\">Complete Bike Packages<\/h2><div class=\"local-scroll\"><span class=\"hidden-xs\">&nbsp;&nbsp;<\/span><a href=\"http:\/\/www.ego-kits.com\/produkte\/ego-bikes\/\" title=\"button\" target=\"_self\" class=\"btn btn-mod btn-border-w btn-medium btn-suqare \">Details<\/a><\/div><\/div><\/div><div class=\"local-scroll\"><a href=\"#\" title=\"button\" target=\"_self\" class=\"scroll-down \"><i class=\"fa fa-angle-down scroll-down-icon\"><\/i><\/a><\/div><\/div><\/section><\/div><\/div><\/section><section  class=\"content-section full-width is-fluid cover rella-no-padding rella-no-margin    content-section-6a072828d8790\" data-background=https:\/\/www.ego-kits.com\/wp-content\/uploads\/EGO_Customs_Pickup-dark.jpg><div class=\"row vc_row-fluid\"><div class=\"wpb_column col-md-12\"><section  class=\"home-section bg-dark-alfa-50 parallax-2\"  id=\"home\"><div class=\"js-height-full container\"><div class=\"home-content\"><div class=\"home-text\"><h1 class=\"hs-line-11 no-transp font-alt mb-50 mb-xs-30\" style=\"color:#e2ff0f;\">EGO Customs<\/h1><h2 class=\"hs-line-11 font-alt mb-50 mb-xs-30\" style=\"color:#e2ff0f;\">Dream, build and ride your dream-bike.<\/h2><div class=\"local-scroll\"><span class=\"hidden-xs\">&nbsp;&nbsp;<\/span><a href=\"http:\/\/www.ego-kits.com\/produkte\/ego-works\/ego-customs\/\" title=\"button\" target=\"_blank\" class=\"btn btn-mod btn-border-w btn-medium btn-suqare \">Details<\/a><\/div><\/div><\/div><div class=\"local-scroll\"><a href=\"#\" title=\"button\" target=\"_self\" class=\"scroll-down \"><i class=\"fa fa-angle-down scroll-down-icon\"><\/i><\/a><\/div><\/div><\/section><\/div><\/div><\/section><section  class=\"content-section full-width is-fluid cover rella-no-padding rella-no-margin    content-section-6a072828d8e15\" data-background=https:\/\/www.ego-kits.com\/wp-content\/uploads\/EGO-Labs-1920x1208-dark.jpg><div class=\"row vc_row-fluid\"><div class=\"wpb_column col-md-12\"><section  class=\"home-section bg-dark-alfa-50 parallax-2\"  id=\"home\"><div class=\"js-height-full container\"><div class=\"home-content\"><div class=\"home-text\"><h1 class=\"hs-line-11 no-transp font-alt mb-50 mb-xs-30\" style=\"color:#e2ff0f;\">EGO Lab<\/h1><h2 class=\"hs-line-11 font-alt mb-50 mb-xs-30\" style=\"color:#e2ff0f;\">Customized EGOs for series produktion.<\/h2><div class=\"local-scroll\"><span class=\"hidden-xs\">&nbsp;&nbsp;<\/span><a href=\"http:\/\/www.ego-kits.com\/produkte\/ego-works\/ego-lab\/\" title=\"button\" target=\"_self\" class=\"btn btn-mod btn-border-w btn-medium btn-suqare \">Details<\/a><\/div><\/div><\/div><div class=\"local-scroll\"><a href=\"#\" title=\"button\" target=\"_self\" class=\"scroll-down \"><i class=\"fa fa-angle-down scroll-down-icon\"><\/i><\/a><\/div><\/div><\/section><\/div><\/div><\/section><section  class=\"content-section full-width is-fluid cover rella-no-padding rella-no-margin    content-section-6a072828d926a\" data-background=https:\/\/www.ego-kits.com\/wp-content\/uploads\/Parallax-image-product-doubleego-1.jpg><div class=\"row vc_row-fluid\"><div class=\"wpb_column col-md-12\"><section  class=\"home-section bg-dark-alfa-70 parallax-2\"  id=\"home\"><div class=\"js-height-full container\"><div class=\"home-content\"><div class=\"home-text\"><h1 class=\"hs-line-11 no-transp font-alt mb-50 mb-xs-30\" style=\"color:#e2ff0f;\">EGO Parts<\/h1><h2 class=\"hs-line-11 font-alt mb-50 mb-xs-30\" style=\"color:#e2ff0f;\">Tuning- &amp; spare parts<\/h2><div class=\"local-scroll\"><span class=\"hidden-xs\">&nbsp;&nbsp;<\/span><a href=\"https:\/\/www.youtube.com\/watch?v=S0umaCioQ1o\" title=\"EGO-Kits Productfilm HD\" target=\"_blank\" class=\"btn btn-mod btn-border-w btn-medium btn-suqare \">Details<\/a><\/div><\/div><\/div><div class=\"local-scroll\"><a href=\"#\" title=\"button\" target=\"_self\" class=\"scroll-down \"><i class=\"fa fa-angle-down scroll-down-icon\"><\/i><\/a><\/div><\/div><\/section><\/div><\/div><\/section><section  class=\"content-section full-width with-col cover custom-padding rella-no-margin    content-section-6a072828d93eb\"><div class=\"row vc_row-fluid\"><div class=\"wpb_column col-md-12\"><div  class=\"align-center\"><h3 class=\"banner-heading font-alt \" style=\"color:#ffffff;\">Want to go faster?<\/h3><div><a href=\"http:\/\/www.ego-kits.com\/shop\/\" title=\"Shop\" target=\"_self\" class=\"btn btn-mod btn-w btn-medium btn-round\">Shop now<\/a><\/div><\/div> <\/div><\/div><\/section>\n","protected":false},"excerpt":{"rendered":"{:de}EGO KitsElektropower-Systeme f\u00fcr dein Bike.&nbsp;&nbsp;DetailsEGO BikesKomplett-Bike-Packages&nbsp;&nbsp;DetailsEGO CustomsTr\u00e4ume, Baue und Fahre dein Traumbike.&nbsp;&nbsp;DetailsEGO LabAngepasste EGOs f\u00fcr die Serienproduktion.&nbsp;&nbsp;DetailsEGO PartsTuning- &amp; Ersatzteile&nbsp;&nbsp;DetailsSchneller werden?Ab in den Shop {:}{:en}EGO KitsElectric Power Systems for your Bike.&nbsp;&nbsp;DetailsEGO BikesComplete Bike Packages&nbsp;&nbsp;DetailsEGO CustomsDream, build and ride your dream-bike.&nbsp;&nbsp;DetailsEGO LabCustomized EGOs for series produktion.&nbsp;&nbsp;DetailsEGO PartsTuning- &amp; spare parts&nbsp;&nbsp;DetailsWant to go faster?Shop now {:}","protected":false},"author":2,"featured_media":0,"parent":0,"menu_order":0,"comment_status":"closed","ping_status":"closed","template":"","meta":{"footnotes":""},"class_list":["post-2888","page","type-page","status-publish","hentry"],"_links":{"self":[{"href":"https:\/\/www.ego-kits.com\/en\/wp-json\/wp\/v2\/pages\/2888","targetHints":{"allow":["GET"]}}],"collection":[{"href":"https:\/\/www.ego-kits.com\/en\/wp-json\/wp\/v2\/pages"}],"about":[{"href":"https:\/\/www.ego-kits.com\/en\/wp-json\/wp\/v2\/types\/page"}],"author":[{"embeddable":true,"href":"https:\/\/www.ego-kits.com\/en\/wp-json\/wp\/v2\/users\/2"}],"replies":[{"embeddable":true,"href":"https:\/\/www.ego-kits.com\/en\/wp-json\/wp\/v2\/comments?post=2888"}],"version-history":[{"count":0,"href":"https:\/\/www.ego-kits.com\/en\/wp-json\/wp\/v2\/pages\/2888\/revisions"}],"wp:attachment":[{"href":"https:\/\/www.ego-kits.com\/en\/wp-json\/wp\/v2\/media?parent=2888"}],"curies":[{"name":"wp","href":"https:\/\/api.w.org\/{rel}","templated":true}]}}