{"id":1986,"date":"2015-03-26T12:29:11","date_gmt":"2015-03-26T12:29:11","guid":{"rendered":"http:\/\/rhythmwp.staging.wpengine.com\/?page_id=1986"},"modified":"2024-06-01T21:31:29","modified_gmt":"2024-06-01T19:31:29","slug":"kontakt","status":"publish","type":"page","link":"https:\/\/www.ego-kits.com\/en\/kontakt\/","title":{"rendered":"Kontakt"},"content":{"rendered":"<section  class=\"content-section full-width with-col cover custom-padding rella-no-margin    content-section-69e084e3d01ef\"><div class=\"row vc_row-fluid\"><div class=\"wpb_column col-md-12 align-center\"><div class=\"section-text text-block align-center\" style=\"color:#000000;font-size:22px;\"><p style=\"text-align: center\">Wenn Du wissen m\u00f6chtest, ob der EGO-Kit zu Deinem Bike passt, so schicke folgendes Formular ausgef\u00fcllt an uns zur\u00fcck. <a href=\"https:\/\/www.ego-kits.com\/bike-match\/\">&gt;&gt; Bike Match Formular<\/a><\/p>\n<p style=\"text-align: center\">Allgemeine Anfragen, Terminvereinbarungen f\u00fcr Probefahrten, Preis- oder oder Lieferungsausk\u00fcnfte, sowie Details zu Spezialanfertigungen k\u00f6nnt ihr uns gerne \u00fcber unser Kontaktformular schicken.<\/p>\n<p style=\"text-align: center\">Danke bis gleich!<\/p>\n<\/div><\/div><\/div><\/section><section  class=\"content-section full-width with-col cover custom-padding rella-no-margin    content-section-69e084e3d06dc\"><div class=\"row vc_row-fluid\"><div class=\"wpb_column col-md-12\"><div  class=\"rs-contact-form\"><div role=\"form\" class=\"wpcf7\" id=\"wpcf7-f7059-o1\" lang=\"de-DE\" dir=\"ltr\">\n<div class=\"screen-reader-response\"><\/div>\n<form action=\"\/en\/wp-json\/wp\/v2\/pages\/1986#wpcf7-f7059-o1\" method=\"post\" class=\"wpcf7-form\" novalidate=\"novalidate\">\n<div style=\"display: none;\">\n<input type=\"hidden\" name=\"_wpcf7\" value=\"7059\" \/>\n<input type=\"hidden\" name=\"_wpcf7_version\" value=\"5.1.3\" \/>\n<input type=\"hidden\" name=\"_wpcf7_locale\" value=\"de_DE\" \/>\n<input type=\"hidden\" name=\"_wpcf7_unit_tag\" value=\"wpcf7-f7059-o1\" \/>\n<input type=\"hidden\" name=\"_wpcf7_container_post\" value=\"0\" \/>\n<\/div>\n<div class=\"wpcf7-response-output wpcf7-display-none\"><\/div>\n<p class=\"cf-left-col\"><span class=\"wpcf7-form-control-wrap Name\"><input type=\"text\" name=\"Name\" value=\"\" size=\"40\" class=\"wpcf7-form-control wpcf7-text wpcf7-validates-as-required\" aria-required=\"true\" aria-invalid=\"false\" placeholder=\"Name\" \/><\/span><span class=\"wpcf7-form-control-wrap Email\"><input type=\"email\" name=\"Email\" value=\"\" size=\"40\" class=\"wpcf7-form-control wpcf7-text wpcf7-email wpcf7-validates-as-required wpcf7-validates-as-email\" aria-required=\"true\" aria-invalid=\"false\" placeholder=\"Email\" \/><\/span><span class=\"wpcf7-form-control-wrap Telefon\"><input type=\"text\" name=\"Telefon\" value=\"\" size=\"40\" class=\"wpcf7-form-control wpcf7-text wpcf7-validates-as-required\" aria-required=\"true\" aria-invalid=\"false\" placeholder=\"Telefon\" \/><\/span><\/p>\n<p class=\"cf-right-col\"><span class=\"wpcf7-form-control-wrap Betreff\"><select name=\"Betreff\" class=\"wpcf7-form-control wpcf7-select wpcf7-validates-as-required\" aria-required=\"true\" aria-invalid=\"false\"><option value=\"Allgemeine Frage\">Allgemeine Frage<\/option><option value=\"Presse\">Presse<\/option><\/select><\/span><span class=\"wpcf7-form-control-wrap Nachricht\"><textarea name=\"Nachricht\" cols=\"40\" rows=\"10\" class=\"wpcf7-form-control wpcf7-textarea\" aria-invalid=\"false\" placeholder=\"Nachricht\"><\/textarea><\/span><\/p>\n<p><input type=\"submit\" value=\"Senden\" class=\"wpcf7-form-control wpcf7-submit\" \/><\/p>\n<\/form><\/div><div class=\"form-tip pt-10\"><i class=\"fa fa-info-circle\"><\/i> Alle Felder sind Pflichtfelder!<\/div><\/div><\/div><\/div><\/section><section  class=\"content-section full-width is-fluid cover rella-no-padding rella-no-margin    content-section-69e084e3d1ac1\"><div class=\"row vc_row-fluid\"><div class=\"wpb_column col-md-12\"><div  class=\"google-map\"><div data-address=\"Siebenst\u00e4dterstrasse 49, 5020 Salzburg, Austria\" data-lat=\"\" data-long=\"\" data-zoom=\"14\" data-greyscale=\"true\"  class=\"map-canvas\"><\/div><\/div><\/div><\/div><\/section><section  class=\"content-section full-width with-col cover rella-no-padding custom-margin    content-section-69e084e3d1cb7\"><div class=\"row vc_row-fluid\"><div class=\"wpb_column col-md-12\"><h2  class=\"section-title  mb-70 mb-sm-40 font-alt align-center\" >WO WIR SIND<\/h2><\/div><div class=\"wpb_column col-md-2\"><\/div><div class=\"wpb_column col-md-8\"><section  class=\"content-section full-width with-col cover rella-no-padding rella-no-margin    content-section-69e084e3d1ff1\"><div class=\"row vc_row-fluid\"><div class=\"wpb_column col-md-4 col-sm-6\"><div class=\"pt-20 pb-20 pb-xs-0\" ><div class=\"contact-item\"><div class=\"ci-icon \" ><i class=\"fa fa-phone\"><\/i><\/div><div class=\"ci-title font-alt\" >RUF AN<\/div><div class=\"ci-text\" style=\"font-size:15px;\">\n<p>+43 650 4442834<\/p>\n<p><\/p><\/div><\/div><\/div><\/div><div class=\"wpb_column col-md-4 col-sm-6\"><div class=\"pt-20 pb-20 pb-xs-0\" ><div class=\"contact-item\"><div class=\"ci-icon \" ><i class=\"fa fa-map-marker\"><\/i><\/div><div class=\"ci-title font-alt\" style=\"font-size:12px;\">ADRESSE<\/div><div class=\"ci-text\" style=\"font-size:15px;\">\n<p>Gewerbestr. 8.<br \/>\n5300 Hallwang, Austria<\/p>\n<p><\/p><\/div><\/div><\/div><\/div><div class=\"wpb_column col-md-4 col-sm-6\"><div class=\"pt-20 pb-20 pb-xs-0\" ><div class=\"contact-item\"><div class=\"ci-icon \" ><i class=\"fa fa-envelope\"><\/i><\/div><div class=\"ci-title font-alt\" >EMAIL <\/div><div class=\"ci-text\" style=\"font-size:15px;\"><a href=\"https:\/\/www.ego-kits.com\/kontakt\/\">info@ego-kits.com<\/a><\/div><\/div><\/div><\/div><\/div><\/section><\/div><div class=\"wpb_column col-md-2\"><\/div><\/div><\/section>\n","protected":false},"excerpt":{"rendered":"Wenn Du wissen m\u00f6chtest, ob der EGO-Kit zu Deinem Bike passt, so schicke folgendes Formular ausgef\u00fcllt an uns zur\u00fcck. &gt;&gt; Bike Match Formular Allgemeine Anfragen, Terminvereinbarungen f\u00fcr Probefahrten, Preis- oder oder Lieferungsausk\u00fcnfte, sowie Details zu Spezialanfertigungen k\u00f6nnt ihr uns gerne \u00fcber unser Kontaktformular schicken. Danke bis gleich! Allgemeine FragePresse Alle Felder sind Pflichtfelder!WO WIR SINDRUF","protected":false},"author":2,"featured_media":0,"parent":0,"menu_order":0,"comment_status":"open","ping_status":"open","template":"","meta":{"footnotes":""},"class_list":["post-1986","page","type-page","status-publish","hentry"],"_links":{"self":[{"href":"https:\/\/www.ego-kits.com\/en\/wp-json\/wp\/v2\/pages\/1986","targetHints":{"allow":["GET"]}}],"collection":[{"href":"https:\/\/www.ego-kits.com\/en\/wp-json\/wp\/v2\/pages"}],"about":[{"href":"https:\/\/www.ego-kits.com\/en\/wp-json\/wp\/v2\/types\/page"}],"author":[{"embeddable":true,"href":"https:\/\/www.ego-kits.com\/en\/wp-json\/wp\/v2\/users\/2"}],"replies":[{"embeddable":true,"href":"https:\/\/www.ego-kits.com\/en\/wp-json\/wp\/v2\/comments?post=1986"}],"version-history":[{"count":1,"href":"https:\/\/www.ego-kits.com\/en\/wp-json\/wp\/v2\/pages\/1986\/revisions"}],"predecessor-version":[{"id":8794,"href":"https:\/\/www.ego-kits.com\/en\/wp-json\/wp\/v2\/pages\/1986\/revisions\/8794"}],"wp:attachment":[{"href":"https:\/\/www.ego-kits.com\/en\/wp-json\/wp\/v2\/media?parent=1986"}],"curies":[{"name":"wp","href":"https:\/\/api.w.org\/{rel}","templated":true}]}}